{"id":54,"date":"2023-08-08T09:04:19","date_gmt":"2023-08-08T00:04:19","guid":{"rendered":"https:\/\/globalunion-grp.org\/?page_id=54"},"modified":"2024-04-29T04:02:20","modified_gmt":"2024-04-28T19:02:20","slug":"partnership","status":"publish","type":"page","link":"https:\/\/globalunion-grp.org\/pt\/partnership\/","title":{"rendered":"parceria"},"content":{"rendered":"<h2 class=\"wp-block-heading\">Pontos de vista sobre as parcerias<\/h2>\n\n\n\n<p>A GlobalUnion \u00e9 flex\u00edvel na sua abordagem \u00e0s parcerias com empresas, profissionais e outros sindicatos que partilham a nossa filosofia.<\/p>\n\n\n\n<h3 class=\"wp-block-heading\">Parcerias empresariais<\/h3>\n\n\n\n<p>H\u00e1 muitas empresas onde a rela\u00e7\u00e3o com os sindicatos \u00e9 algo que tem sido negligenciado ou nem sequer considerado. No entanto, desde que os sindicatos est\u00e3o definidos nas constitui\u00e7\u00f5es de muitos pa\u00edses, as rela\u00e7\u00f5es sindicais est\u00e3o intimamente ligadas \u00e0 gest\u00e3o da empresa.<\/p>\n\n\n\n<p>Em muitos pa\u00edses, os sindicatos est\u00e3o polarizados, ou porque n\u00e3o funcionam de todo e se tornaram um esqueleto, ou porque se transformaram em sindicatos negros socialmente mal\u00e9ficos com o \u00fanico objetivo de conflito est\u00e9ril, e h\u00e1 muito poucos sindicatos que funcionam de acordo com o objetivo original do sistema.<\/p>\n\n\n\n<p>Por conseguinte, a GlobalUnion est\u00e1 empenhada no desenvolvimento construtivo e saud\u00e1vel do ambiente de trabalho, num esp\u00edrito de apoio m\u00fatuo, mesmo com empresas que s\u00e3o frequentemente vistas como conflituosas entre si, desde que partilhem a mesma filosofia.<\/p>\n\n\n\n<h3 class=\"wp-block-heading\">Parcerias com profissionais<\/h3>\n\n\n\n<p>A GlobalUnion trabalha diariamente para criar um ambiente de trabalho saud\u00e1vel em coopera\u00e7\u00e3o com v\u00e1rios advogados, contabilistas, contabilistas fiscais, consultores de seguran\u00e7a social e do trabalho, escriv\u00e3es judiciais, escriv\u00e3es administrativos e outros profissionais.<\/p>\n\n\n\n<p>A coopera\u00e7\u00e3o dos profissionais do sector jur\u00eddico \u00e9 essencial na medida em que nos esfor\u00e7amos por atingir padr\u00f5es globais.<\/p>\n\n\n\n<p>Aguardamos o contacto de profissionais que partilhem a nossa filosofia.<\/p>\n\n\n\n<h3 class=\"wp-block-heading\">Parceria com os sindicatos<\/h3>\n\n\n\n<p>Se \u00e9 verdade que muitos sindicatos se transformaram em esqueletos e turbas, tamb\u00e9m \u00e9 verdade que existem alguns sindicatos genu\u00ednos que pensam nos trabalhadores, mas muitos deles parecem n\u00e3o conseguir funcionar como deveriam devido \u00e0 falta de conhecimentos e de recursos humanos.<\/p>\n\n\n\n<p>O nosso objetivo \u00e9 atingir padr\u00f5es globais, mas n\u00e3o queremos de modo algum estar no topo da lista enquanto Uni\u00e3o.<\/p>\n\n\n\n<p>Acolhemos com agrado qualquer forma de parceria com sindicatos que concordem com a nossa filosofia, pois queremos que os trabalhadores de todo o mundo sejam felizes e trabalhem num melhor ambiente de trabalho.<\/p>\n\n\n\n<p>N\u00e3o hesite em contactar-nos n\u00e3o s\u00f3 sobre o Grupo GlobalUnion, mas tamb\u00e9m sobre outras formas de coopera\u00e7\u00e3o empresarial, tais como franchisings, colabora\u00e7\u00f5es e parcerias empresariais.<\/p>\n\n\n\n<div style=\"height:30px\" aria-hidden=\"true\" class=\"wp-block-spacer\"><\/div>\n\n\n\n<div class=\"swell-block-button is-style-btn_normal\"><a href=\"\/pt\/global.union\/contact\/#contact\" class=\"swell-block-button__link\"><span><span style=\"--the-icon-svg: url(data:image\/svg+xml;base64,PHN2ZyBoZWlnaHQ9IjFlbSIgd2lkdGg9IjFlbSIgeG1sbnM9Imh0dHA6Ly93d3cudzMub3JnLzIwMDAvc3ZnIiBhcmlhLWhpZGRlbj0idHJ1ZSIgdmlld0JveD0iMCAwIDQ4IDQ4Ij48cGF0aCBkPSJNMjUuMiAyNC43IDQ2IDkuNVY5YzAtMS4xLS45LTItMi0ySDRjLTEuMSAwLTIgLjktMiAydi41bDIwLjggMTUuMWMuNy42IDEuNy42IDIuNC4xeiI+PC9wYXRoPjxwYXRoIGQ9Ik0yMi44IDI5LjYgMiAxNC41VjM4YzAgMS43IDEuMyAzIDMgM2gzOGMxLjcgMCAzLTEuMyAzLTNWMTQuNUwyNS4yIDI5LjZjLS43LjUtMS43LjUtMi40IDB6Ij48L3BhdGg+PC9zdmc+)\" data-icon=\"LsMail\" data-id=\"0\" aria-hidden=\"true\" class=\"swl-inline-icon\">\u2003 Para informa\u00e7\u00f5es sobre parcerias, clique aqui.<\/span><\/span><\/a><\/div>","protected":false},"excerpt":{"rendered":"<p>A nossa abordagem \u00e0s parcerias A GlobalUnion tem uma abordagem flex\u00edvel \u00e0s parcerias com empresas, profissionais e outros sindicatos que partilham a nossa filosofia. Parcerias com empresas Rela\u00e7\u00f5es com sindicatos [...].<\/p>","protected":false},"author":1,"featured_media":0,"parent":0,"menu_order":0,"comment_status":"closed","ping_status":"closed","template":"","meta":{"swell_btn_cv_data":"","footnotes":"","_wp_rev_ctl_limit":""},"class_list":["post-54","page","type-page","status-publish","hentry"],"_links":{"self":[{"href":"https:\/\/globalunion-grp.org\/pt\/wp-json\/wp\/v2\/pages\/54"}],"collection":[{"href":"https:\/\/globalunion-grp.org\/pt\/wp-json\/wp\/v2\/pages"}],"about":[{"href":"https:\/\/globalunion-grp.org\/pt\/wp-json\/wp\/v2\/types\/page"}],"author":[{"embeddable":true,"href":"https:\/\/globalunion-grp.org\/pt\/wp-json\/wp\/v2\/users\/1"}],"replies":[{"embeddable":true,"href":"https:\/\/globalunion-grp.org\/pt\/wp-json\/wp\/v2\/comments?post=54"}],"version-history":[{"count":7,"href":"https:\/\/globalunion-grp.org\/pt\/wp-json\/wp\/v2\/pages\/54\/revisions"}],"predecessor-version":[{"id":339,"href":"https:\/\/globalunion-grp.org\/pt\/wp-json\/wp\/v2\/pages\/54\/revisions\/339"}],"wp:attachment":[{"href":"https:\/\/globalunion-grp.org\/pt\/wp-json\/wp\/v2\/media?parent=54"}],"curies":[{"name":"wp","href":"https:\/\/api.w.org\/{rel}","templated":true}]}}