{"id":298,"date":"2024-04-28T18:32:47","date_gmt":"2024-04-28T09:32:47","guid":{"rendered":"https:\/\/globalunion-grp.org\/?page_id=298"},"modified":"2025-05-24T20:30:18","modified_gmt":"2025-05-24T11:30:18","slug":"about-us","status":"publish","type":"page","link":"https:\/\/globalunion-grp.org\/pt\/about-us\/","title":{"rendered":"Sobre n\u00f3s"},"content":{"rendered":"<figure class=\"wp-block-image alignfull size-full\"><img decoding=\"async\" src=\"https:\/\/globalunion-grp.org\/wp-content\/uploads\/2024\/04\/globalunion_sec1.png\" alt=\"\" class=\"wp-image-287\"\/><\/figure>\n\n\n\n<figure class=\"wp-block-image size-large\"><a href=\"https:\/\/www.youtube.com\/watch?v=TUZIBNGBb9g\" target=\"_blank\" rel=\"noreferrer noopener\"><img decoding=\"async\" width=\"1024\" height=\"716\" src=\"https:\/\/globalunion-grp.org\/wp-content\/uploads\/2025\/05\/movie_start-1024x716.png\" alt=\"\" class=\"wp-image-571\" srcset=\"https:\/\/globalunion-grp.org\/wp-content\/uploads\/2025\/05\/movie_start-1024x716.png 1024w, https:\/\/globalunion-grp.org\/wp-content\/uploads\/2025\/05\/movie_start-300x210.png 300w, https:\/\/globalunion-grp.org\/wp-content\/uploads\/2025\/05\/movie_start-768x537.png 768w, https:\/\/globalunion-grp.org\/wp-content\/uploads\/2025\/05\/movie_start-18x12.png 18w, https:\/\/globalunion-grp.org\/wp-content\/uploads\/2025\/05\/movie_start.png 1288w\" sizes=\"(max-width: 1024px) 100vw, 1024px\" \/><\/a><\/figure>\n\n\n\n<div class=\"swell-block-button is-style-more_btn\"><a href=\"https:\/\/globalunion-grp.org\/wp-content\/uploads\/2025\/05\/presentation.pdf\" target=\"_blank\" rel=\"noopener noreferrer\" class=\"swell-block-button__link\"><span>Apresenta\u00e7\u00e3o (PDF).<\/span><\/a><\/div>\n\n\n\n<h2 class=\"wp-block-heading\">O desafio da Uni\u00e3o Global.<\/h2>\n\n\n\n<figure class=\"wp-block-image size-large\"><img decoding=\"async\" width=\"1024\" height=\"576\" src=\"https:\/\/globalunion-grp.org\/wp-content\/uploads\/2025\/05\/about_en_1.png\" alt=\"\" class=\"wp-image-547\" srcset=\"https:\/\/globalunion-grp.org\/wp-content\/uploads\/2025\/05\/about_en_1.png 1920w, https:\/\/globalunion-grp.org\/wp-content\/uploads\/2025\/05\/about_en_1-300x169.png 300w, https:\/\/globalunion-grp.org\/wp-content\/uploads\/2025\/05\/about_en_1-1024x576.png 1024w, https:\/\/globalunion-grp.org\/wp-content\/uploads\/2025\/05\/about_en_1-768x432.png 768w, https:\/\/globalunion-grp.org\/wp-content\/uploads\/2025\/05\/about_en_1-1536x864.png 1536w, https:\/\/globalunion-grp.org\/wp-content\/uploads\/2025\/05\/about_en_1-18x10.png 18w\" sizes=\"(max-width: 1024px) 100vw, 1024px\" \/><\/figure>\n\n\n\n<p>As quest\u00f5es laborais s\u00e3o,<span class=\"swl-marker mark_yellow\">Os desafios sociais mais profundos que persistem desde o nascimento da humanidade<\/span>\u00c9 uma das mais importantes As suas origens remontam \u00e0 escravatura e \u00e0 servid\u00e3o nos tempos antigos. H\u00e1 muito que o trabalho est\u00e1 inserido numa rela\u00e7\u00e3o de domina\u00e7\u00e3o e subordina\u00e7\u00e3o e existe como um \"modo de vida for\u00e7ado\".<\/p>\n\n\n\n<p>Na era moderna, os direitos laborais foram legalmente desenvolvidos em nome de contratos livres, mas a estrutura essencial do \"trabalho sob controlo\" n\u00e3o sofreu altera\u00e7\u00f5es fundamentais. As estruturas de opress\u00e3o e desigualdade continuam a persistir no local de trabalho moderno sob diversas formas, como o emprego informal, o excesso de trabalho, o ass\u00e9dio, a desigualdade de g\u00e9nero e a gest\u00e3o algor\u00edtmica.<\/p>\n\n\n\n<p>Al\u00e9m disso, as recentes inova\u00e7\u00f5es tecnol\u00f3gicas est\u00e3o a mudar rapidamente a natureza do trabalho: enquanto os avan\u00e7os na IA, na rob\u00f3tica e no trabalho em plataformas est\u00e3o a trazer flexibilidade \u00e0 forma como trabalhamos, estamos tamb\u00e9m a entrar numa era em que a defini\u00e7\u00e3o fundamental do pr\u00f3prio trabalho - quem \u00e9 um trabalhador e o que significa trabalhar - est\u00e1 a ser questionada. Seguem-se algumas das principais quest\u00f5es que precisam de ser abordadas.<\/p>\n\n\n\n<p>Neste contexto, n\u00f3s da GlobalUnion,<span class=\"swl-marker mark_yellow\">Interpretar as quest\u00f5es laborais num sentido mais lato, numa perspetiva que ultrapasse o quadro tradicional, e trabalhar para a sua solu\u00e7\u00e3o radical.<\/span>A miss\u00e3o \u00e9.<\/p>\n\n\n\n<p>O projeto visa redefinir o trabalho, em vez de o \"normalizar\", assumindo o desafio de criar novas normas para proteger a dignidade, a liberdade, a seguran\u00e7a e a inclus\u00e3o social dos trabalhadores, em vez de se limitar aos temas tradicionais, como a corre\u00e7\u00e3o dos sal\u00e1rios e dos hor\u00e1rios de trabalho. N\u00e3o se trata apenas de uma posi\u00e7\u00e3o de prote\u00e7\u00e3o dos trabalhadores, mas de um projeto para questionar o que significa para as pessoas trabalhar e como o trabalho deve estar ligado \u00e0 sociedade, de todas as perspectivas \u00e9ticas, econ\u00f3micas, pol\u00edticas e culturais.<\/p>\n\n\n\n<p>O nosso objetivo \u00e9 realizar \"trabalho sem explora\u00e7\u00e3o\", \"um modo de trabalho orgulhoso\" e \"um modo de vida sem perder a nossa humanidade\" com base na empatia e solidariedade transnacionais.<\/p>\n\n\n\n<h3 class=\"wp-block-heading\">Primeiros passos para uma solu\u00e7\u00e3o radical<\/h3>\n\n\n\n<p>Na GlobalUnion, o nosso objetivo \u00e9 encontrar solu\u00e7\u00f5es radicais para o problema do trabalho, que \u00e9 o desafio social mais longo e mais grave da hist\u00f3ria da humanidade. Como primeiro passo, come\u00e7\u00e1mos por perguntar novamente: qual \u00e9 o problema essencial?<\/p>\n\n\n\n<p>Neste contexto, a t\u00f3nica foi colocada no potencial dos sindicatos.<\/p>\n\n\n\n<p>A par da religi\u00e3o e do Estado, os sindicatos s\u00e3o uma grande forma de organiza\u00e7\u00e3o que adquiriu um forte reconhecimento jur\u00eddico e social em todo o mundo. Nas constitui\u00e7\u00f5es de muitos pa\u00edses, o direito dos trabalhadores a organizarem-se e a negociarem coletivamente \u00e9 explicitamente garantido pela lei suprema. Isto significa que o Estado reconheceu claramente a import\u00e2ncia da solidariedade organizacional na prote\u00e7\u00e3o da dignidade e dos direitos dos trabalhadores.<\/p>\n\n\n\n<p>A realidade, por\u00e9m, afasta-se significativamente dessa filosofia.<\/p>\n\n\n\n<p>De acordo com os dados da Organiza\u00e7\u00e3o Internacional do Trabalho (OIT), a popula\u00e7\u00e3o ativa mundial ultrapassa os 3,5 mil milh\u00f5es de pessoas e est\u00e1 a aumentar de ano para ano. Ao mesmo tempo, a filia\u00e7\u00e3o sindical \u00e9 inferior a 10% do total e continua a diminuir em muitos pa\u00edses. Assim,<span class=\"swl-marker mark_yellow\">Uma estrutura que se inverte, com a participa\u00e7\u00e3o e a utiliza\u00e7\u00e3o efectivas a regredirem, apesar de a import\u00e2ncia do sistema como institui\u00e7\u00e3o continuar a ser elevada.<\/span>est\u00e3o presentes.<\/p>\n\n\n\n<p>Esta situa\u00e7\u00e3o deve-se ao facto de os sindicatos n\u00e3o estarem a cumprir o papel que deveriam desempenhar e de algumas organiza\u00e7\u00f5es se terem formalizado e esqueletizado, minando a confian\u00e7a dos trabalhadores. Os sindicatos, outrora s\u00edmbolo de justi\u00e7a social, s\u00e3o hoje frequentemente objeto de incompreens\u00e3o e desconfian\u00e7a.<\/p>\n\n\n\n<p>Em resposta a esta situa\u00e7\u00e3o, decidimos reconstruir a \"esperan\u00e7a\" e o \"poder de solu\u00e7\u00e3o\" originais dos sindicatos. Nomeadamente,<span class=\"swl-marker mark_yellow\">Um novo modelo sindical que concretize ao m\u00e1ximo os seus princ\u00edpios fundadores, nascidos em todo o mundo, numa forma moderna.<\/span>apresenta o seguinte.<\/p>\n\n\n\n<h3 class=\"wp-block-heading\">Solu\u00e7\u00f5es fundamentais para a prossecu\u00e7\u00e3o do interesse p\u00fablico<\/h3>\n\n\n\n<p>A GlobalUnion foi fundada com o objetivo de \"desafiar solu\u00e7\u00f5es fundamentais para problemas laborais globais e amplamente definidos\". Mas n\u00e3o tencionamos limitar-nos ao formato \"sindicato\".<br>Atualmente, o significado do trabalho est\u00e1 a diversificar-se rapidamente e \u00e9 necess\u00e1ria uma abordagem flex\u00edvel e criativa que n\u00e3o esteja limitada por preconceitos ou quadros institucionais.<\/p>\n\n\n\n<p>N\u00f3s somos,<span class=\"swl-marker mark_yellow\">Maximizar o interesse p\u00fablico<\/span>Enquanto,<span class=\"swl-marker mark_yellow\">M\u00e9todos inovadores e independentes<\/span>Assume as quest\u00f5es laborais essenciais que n\u00e3o foram resolvidas pelo<\/p>\n\n\n\n<p>E atrav\u00e9s da solidariedade global e da co-cria\u00e7\u00e3o, enfrentaremos de frente o desafio hist\u00f3rico de uma solu\u00e7\u00e3o fundamental para o problema do trabalho.<br>\u00c9 esta a vis\u00e3o da mudan\u00e7a social na nova era que a GlobalUnion apresenta,<span class=\"swl-marker mark_yellow\">Este \u00e9 o objetivo institucional e a forte exig\u00eancia visada pelas leis e regulamentos em todo o mundo, que desejavam sinceramente resolver os problemas laborais.<\/span>Pode dizer-se que.<\/p>\n\n\n\n<h2 class=\"wp-block-heading\">O estado da Uni\u00e3o Global.<\/h2>\n\n\n\n<h3 class=\"wp-block-heading\">estrutura organizativa<\/h3>\n\n\n\n<figure class=\"wp-block-image size-large\"><img decoding=\"async\" width=\"1024\" height=\"576\" src=\"https:\/\/globalunion-grp.org\/wp-content\/uploads\/2025\/05\/about_en_2.png\" alt=\"\" class=\"wp-image-548\" srcset=\"https:\/\/globalunion-grp.org\/wp-content\/uploads\/2025\/05\/about_en_2.png 1920w, https:\/\/globalunion-grp.org\/wp-content\/uploads\/2025\/05\/about_en_2-300x169.png 300w, https:\/\/globalunion-grp.org\/wp-content\/uploads\/2025\/05\/about_en_2-1024x576.png 1024w, https:\/\/globalunion-grp.org\/wp-content\/uploads\/2025\/05\/about_en_2-768x432.png 768w, https:\/\/globalunion-grp.org\/wp-content\/uploads\/2025\/05\/about_en_2-1536x864.png 1536w, https:\/\/globalunion-grp.org\/wp-content\/uploads\/2025\/05\/about_en_2-18x10.png 18w\" sizes=\"(max-width: 1024px) 100vw, 1024px\" \/><\/figure>\n\n\n\n<h4 class=\"wp-block-heading\">membros no sentido estrito do termo<\/h4>\n\n\n\n<p>A GlobalUnion \u00e9,<span class=\"swl-marker mark_yellow\">O primeiro sindicato global do mundo que n\u00e3o cobra quaisquer taxas de ades\u00e3o ou sindicais.<\/span>\u00c9.<br>Foi concebida como uma organiza\u00e7\u00e3o aberta na qual todos os indiv\u00edduos podem participar de forma igual, independentemente da sua nacionalidade, ra\u00e7a, idade, g\u00e9nero ou antecedentes profissionais.<\/p>\n\n\n\n<p>Muitos sindicatos tradicionais s\u00e3o frequentemente criticados por cobrarem taxas de filia\u00e7\u00e3o e sindicais elevadas, enquanto os fundos n\u00e3o s\u00e3o totalmente utilizados para beneficiar e apoiar os seus membros, sendo antes utilizados para remunerar algum pessoal a tempo inteiro e para actividades n\u00e3o p\u00fablicas. A realidade \u00e9 que este facto resultou num decl\u00ednio da taxa de organiza\u00e7\u00e3o sindical e numa perda de confian\u00e7a do p\u00fablico.<\/p>\n\n\n\n<p>Enfrent\u00e1mos a natureza destes desafios e cri\u00e1mos um novo sindicato, gratuito e de interesse p\u00fablico: a GlobalUnion \u00e9 gerida por um conjunto de apoiantes volunt\u00e1rios, incluindo advogados, contabilistas, gestores e outros profissionais,<span class=\"swl-marker mark_yellow\">Sindicato livre mas opera\u00e7\u00f5es altamente sustent\u00e1veis<\/span>A empresa alcan\u00e7ou os seguintes objectivos.<\/p>\n\n\n\n<h4 class=\"wp-block-heading\">membros amplamente definidos<\/h4>\n\n\n\n<p>Salientamos que o conceito de trabalho est\u00e1 a mudar, passando de uma era em que se limitava a ocupa\u00e7\u00f5es para uma participa\u00e7\u00e3o mais ampla e diversificada na sociedade. Por conseguinte,<span class=\"swl-marker mark_yellow\">N\u00e3o se limita \u00e0 defini\u00e7\u00e3o tradicional de \"membros do sindicato = trabalhadores assalariados\", mas inclui todos aqueles que simpatizam com o trabalho da GlobalUnion e fornecem informa\u00e7\u00f5es e apoio, no sentido mais lato da palavra.<\/span>S\u00e3o bem-vindos como<\/p>\n\n\n\n<p>Esta estrutura de participa\u00e7\u00e3o flex\u00edvel permite que n\u00e3o s\u00f3 as partes envolvidas no problema, mas tamb\u00e9m indiv\u00edduos e organiza\u00e7\u00f5es bem intencionados do exterior que queiram ajudar, participem nas actividades e maximizem o impacto social atrav\u00e9s de redes como as redes sociais.<br>Al\u00e9m disso, reduz a carga psicol\u00f3gica e financeira das partes envolvidas e cria um modelo de apoio mais sustent\u00e1vel.<\/p>\n\n\n\n<h4 class=\"wp-block-heading\">organiza\u00e7\u00e3o de agrupamentos<\/h4>\n\n\n\n<p>A GlobalUnion \u00e9,<span class=\"swl-marker mark_yellow\">Outras organiza\u00e7\u00f5es que t\u00eam por objetivo a realiza\u00e7\u00e3o do interesse p\u00fablico<\/span>e redes e promove a coopera\u00e7\u00e3o como uma \"organiza\u00e7\u00e3o de grupo\". Prestamos apoio e aconselhamento a qualquer organiza\u00e7\u00e3o, constitu\u00edda ou n\u00e3o, que esteja de acordo com os nossos princ\u00edpios e objectivos, respeitando a sua independ\u00eancia.<\/p>\n\n\n\n<p>Esta coopera\u00e7\u00e3o \u00e9,<span class=\"swl-marker mark_yellow\">Criar uma solidariedade frouxa, democr\u00e1tica e em rede, evitando a centraliza\u00e7\u00e3o da organiza\u00e7\u00e3o e fomentando a capacidade de cada regi\u00e3o e pa\u00eds para resolver os seus pr\u00f3prios problemas.<\/span>Objeto.<\/p>\n\n\n\n<h3 class=\"wp-block-heading\">forma de atividade<\/h3>\n\n\n\n<figure class=\"wp-block-image size-large\"><img decoding=\"async\" width=\"1024\" height=\"576\" src=\"https:\/\/globalunion-grp.org\/wp-content\/uploads\/2025\/05\/about_en_3.png\" alt=\"\" class=\"wp-image-549\" srcset=\"https:\/\/globalunion-grp.org\/wp-content\/uploads\/2025\/05\/about_en_3.png 1920w, https:\/\/globalunion-grp.org\/wp-content\/uploads\/2025\/05\/about_en_3-300x169.png 300w, https:\/\/globalunion-grp.org\/wp-content\/uploads\/2025\/05\/about_en_3-1024x576.png 1024w, https:\/\/globalunion-grp.org\/wp-content\/uploads\/2025\/05\/about_en_3-768x432.png 768w, https:\/\/globalunion-grp.org\/wp-content\/uploads\/2025\/05\/about_en_3-1536x864.png 1536w, https:\/\/globalunion-grp.org\/wp-content\/uploads\/2025\/05\/about_en_3-18x10.png 18w\" sizes=\"(max-width: 1024px) 100vw, 1024px\" \/><\/figure>\n\n\n\n<h4 class=\"wp-block-heading\">Actividades sindicais<\/h4>\n\n\n\n<p>No centro das actividades da GlobalUnion est\u00e1 a sua fun\u00e7\u00e3o de \"sindicato\".<br>No entanto, acreditamos que confiar apenas nos sistemas e enquadramentos existentes n\u00e3o \u00e9 suficiente para lidar com as quest\u00f5es laborais cada vez mais complexas do nosso tempo. Por esta raz\u00e3o, damos import\u00e2ncia n\u00e3o s\u00f3 ao cumprimento formal das leis e regulamentos, mas tamb\u00e9m a uma atitude de atua\u00e7\u00e3o de acordo com os valores fundamentais enraizados nas constitui\u00e7\u00f5es e outras leis e regulamentos supremos de cada pa\u00eds.<\/p>\n\n\n\n<p>Frequentemente, deparamo-nos com situa\u00e7\u00f5es em que as leis subordinadas e as opera\u00e7\u00f5es administrativas s\u00e3o contr\u00e1rias aos princ\u00edpios constitucionais e \u00e0s normas internacionais em mat\u00e9ria de direitos humanos. Nesses casos, n\u00f3s<span class=\"swl-marker mark_yellow\">Enquanto \"sindicato supralegal\", trabalhamos para corrigir erros sist\u00e9micos e interpreta\u00e7\u00f5es erradas.<\/span>para o fazer. Se necess\u00e1rio, n\u00e3o hesitaremos em confrontar a administra\u00e7\u00e3o,<span class=\"swl-marker mark_yellow\">Uma resposta que coloque o interesse p\u00fablico e a dignidade humana em primeiro plano.<\/span>a efetuar.<\/p>\n\n\n\n<p>A GlobalUnion tamb\u00e9m considera o aprofundamento e a partilha de conhecimentos jur\u00eddicos como uma importante \u00e1rea de atividade.<\/p>\n\n\n\n<h4 class=\"wp-block-heading\">Actividades da pr\u00f3xima gera\u00e7\u00e3o<\/h4>\n\n\n\n<p>A GlobalUnion \u00e9,<span class=\"swl-marker mark_yellow\">Utiliza\u00e7\u00e3o da tecnologia democr\u00e1tica moderna como meio de realiza\u00e7\u00e3o do interesse p\u00fablico<\/span>A empresa est\u00e1 tamb\u00e9m ativamente envolvida em<\/p>\n\n\n\n<p>Para al\u00e9m das infra-estruturas de difus\u00e3o da informa\u00e7\u00e3o, como a Web e as redes sociais, estamos a explorar e a praticar novas formas de movimentos sociais que transcendem os constrangimentos f\u00edsicos, como as opera\u00e7\u00f5es do tipo DAO (organiza\u00e7\u00e3o aut\u00f3noma descentralizada) que utilizam a tecnologia blockchain e as actividades participativas em espa\u00e7os de realidade virtual (metaverso).<\/p>\n\n\n\n<p>Por este meio,<span class=\"swl-marker mark_yellow\">Um vasto leque de pessoas, incluindo apoiantes e observadores, bem como as partes interessadas<\/span>podem participar em actividades de interesse p\u00fablico independentemente do tempo e do local, tornando a organiza\u00e7\u00e3o r\u00e1pida e transparente.<\/p>\n\n\n\n<h4 class=\"wp-block-heading\">Participa\u00e7\u00e3o livre Atividade an\u00f3nima<\/h4>\n\n\n\n<p>Toda a participa\u00e7\u00e3o nas actividades da GlobalUnion \u00e9 volunt\u00e1ria e, em princ\u00edpio, an\u00f3nima.<br>A raz\u00e3o para tal \u00e9 clara: muitos problemas laborais s\u00e3o frequentemente actos injustos dos socialmente poderosos contra os mais fracos, e a identifica\u00e7\u00e3o e acusa\u00e7\u00e3o da parte afetada conduz frequentemente a retalia\u00e7\u00f5es econ\u00f3micas e psicol\u00f3gicas despropositadas por parte dos socialmente poderosos.<\/p>\n\n\n\n<p>Temos em conta esta realidade,<span class=\"swl-marker mark_yellow\">Um ambiente an\u00f3nimo onde os membros do sindicato se sintam seguros para fazer acusa\u00e7\u00f5es, falar e cooperar.<\/span>A organiza\u00e7\u00e3o desenvolveu um sistema de As informa\u00e7\u00f5es podem ser divulgadas e as ac\u00e7\u00f5es tomadas atrav\u00e9s das ferramentas e dos canais fornecidos pela GlobalUnion, e a ordem \u00e9 mantida atrav\u00e9s de controlos e equil\u00edbrios entre os participantes que aspiram a um elevado interesse p\u00fablico.<\/p>\n\n\n\n<p>Para a preven\u00e7\u00e3o da difama\u00e7\u00e3o e de actos ilegais,<span class=\"swl-marker mark_yellow\">Atuar dentro dos limites do respeito pelas leis e regulamentos nacionais, apenas com os filtros formais m\u00ednimos necess\u00e1rios<\/span>N\u00f3s iremos. O anonimato e a gratuitidade s\u00e3o essenciais para a transpar\u00eancia e independ\u00eancia da organiza\u00e7\u00e3o, permitindo actividades essenciais livres de interesses e descobertas.<\/p>\n\n\n\n<h3 class=\"wp-block-heading\">Exemplos de actividades<\/h3>\n\n\n\n<figure class=\"wp-block-image size-large\"><img decoding=\"async\" width=\"1024\" height=\"576\" src=\"https:\/\/globalunion-grp.org\/wp-content\/uploads\/2025\/05\/about_en_4.png\" alt=\"\" class=\"wp-image-559\" srcset=\"https:\/\/globalunion-grp.org\/wp-content\/uploads\/2025\/05\/about_en_4.png 1920w, https:\/\/globalunion-grp.org\/wp-content\/uploads\/2025\/05\/about_en_4-300x169.png 300w, https:\/\/globalunion-grp.org\/wp-content\/uploads\/2025\/05\/about_en_4-1024x576.png 1024w, https:\/\/globalunion-grp.org\/wp-content\/uploads\/2025\/05\/about_en_4-768x432.png 768w, https:\/\/globalunion-grp.org\/wp-content\/uploads\/2025\/05\/about_en_4-1536x864.png 1536w, https:\/\/globalunion-grp.org\/wp-content\/uploads\/2025\/05\/about_en_4-18x10.png 18w\" sizes=\"(max-width: 1024px) 100vw, 1024px\" \/><\/figure>\n\n\n\n<h4 class=\"wp-block-heading\">contra os trabalhadores.<\/h4>\n\n\n\n<p>A GlobalUnion funciona como um sindicato que as partes se podem sentir \u00e0 vontade para consultar quando surgem problemas laborais.<br>Constitui um f\u00f3rum para a divulga\u00e7\u00e3o an\u00f3nima de informa\u00e7\u00f5es e funciona tamb\u00e9m como um sistema de den\u00fancia de irregularidades.<\/p>\n\n\n\n<p>Para al\u00e9m de resolver diretamente os problemas, o sindicato contribui tamb\u00e9m para a preven\u00e7\u00e3o de potenciais problemas que ainda n\u00e3o se manifestaram, gra\u00e7as \u00e0 for\u00e7a num\u00e9rica dos membros volunt\u00e1rios do sindicato.<\/p>\n\n\n\n<ul class=\"wp-block-list is-style-check_list\">\n<li>Apoio \u00e0 coloca\u00e7\u00e3o de emprego e ao trabalho no estrangeiro.<\/li>\n\n\n\n<li>Assist\u00eancia relacionada com os meios de subsist\u00eancia, incluindo habita\u00e7\u00e3o e infra-estruturas.<\/li>\n\n\n\n<li>Assist\u00eancia em mat\u00e9ria de c\u00e2mbio e finan\u00e7as em v\u00e1rios pa\u00edses.<\/li>\n\n\n\n<li>Partilha de informa\u00e7\u00f5es sobre a empresa, sistemas e cultura local atrav\u00e9s de uma rede mundial de membros do sindicato<\/li>\n<\/ul>\n\n\n\n<p>Ao fornecer estes apoios abrangentes ao mesmo tempo,<span class=\"swl-marker mark_yellow\">Proporcionar aos trabalhadores o apoio multifacetado de que necessitam para terem uma vida melhor<\/span>\u00c9 poss\u00edvel.<\/p>\n\n\n\n<h4 class=\"wp-block-heading\">em dire\u00e7\u00e3o \u00e0s empresas<\/h4>\n\n\n\n<p>O \"empregador\" \u00e9 a contrapartida da posi\u00e7\u00e3o dos trabalhadores, mas n\u00f3s vemos o empregador e a empresa como separados.<br>Historicamente, o princ\u00edpio de trabalhadores e empregadores trabalharem em conjunto para o melhoramento da empresa tem sido garantido pelos sistemas jur\u00eddicos de muitos pa\u00edses.<\/p>\n\n\n\n<p>As actividades da GlobalUnion n\u00e3o s\u00f3 melhoram o bem-estar dos trabalhadores, como tamb\u00e9m ajudam as empresas a estarem em sintonia com os seus trabalhadores.<br>Neste processo, os desafios estruturais que nos obrigam a depender do empregador tamb\u00e9m ser\u00e3o naturalmente eliminados.<\/p>\n\n\n\n<ul class=\"wp-block-list is-style-check_list\">\n<li>Encaminhamento de trabalhadores atrav\u00e9s de uma correspond\u00eancia adequada.<\/li>\n\n\n\n<li>Apoio \u00e0 forma\u00e7\u00e3o das empresas para melhorar as compet\u00eancias necess\u00e1rias nos diferentes pa\u00edses<\/li>\n\n\n\n<li>Apoio \u00e0s empresas de propriedade de brancos, fornecendo conhecimentos e dados sobre a m\u00e3o de obra<\/li>\n<\/ul>\n\n\n\n<p>Especificamente atrav\u00e9s destas iniciativas,<span class=\"swl-marker mark_yellow\">Apoio global \u00e0s empresas que pode ser direta ou indiretamente eficaz na resolu\u00e7\u00e3o de problemas laborais.<\/span>a efetuar.<\/p>\n\n\n\n<h4 class=\"wp-block-heading\">em rela\u00e7\u00e3o ao mundo<\/h4>\n\n\n\n<p>Os membros s\u00e3o livres de divulgar informa\u00e7\u00f5es e prestar contas \u00e0 sociedade atrav\u00e9s de todos os canais que a GlobalUnion tem \u00e0 sua disposi\u00e7\u00e3o.<\/p>\n\n\n\n<p>Atualmente, \u00e9 cada vez mais poss\u00edvel exercer press\u00e3o sobre a reputa\u00e7\u00e3o de indiv\u00edduos influentes e de empresas gigantescas atrav\u00e9s das redes sociais. Na realidade, por\u00e9m, h\u00e1 alguns alvos estruturais que s\u00e3o dif\u00edceis de mudar por si pr\u00f3prios, e outros cuja reputa\u00e7\u00e3o \u00e9 menos suscet\u00edvel de sentir dor, mesmo que sejam prejudicados em primeiro lugar.<\/p>\n\n\n\n<p>Nestes casos, s\u00e3o tomadas medidas de interven\u00e7\u00e3o mais fortes, tais como<\/p>\n\n\n\n<ul class=\"wp-block-list is-style-check_list\">\n<li>Protestos diretos contra a empresa ou organiza\u00e7\u00e3o em causa<\/li>\n\n\n\n<li>Objec\u00e7\u00f5es \u00e0s autoridades estatais, administrativas e competentes<\/li>\n\n\n\n<li>Exigir a corre\u00e7\u00e3o de opera\u00e7\u00f5es contr\u00e1rias ao esp\u00edrito da lei e do sistema.<\/li>\n<\/ul>\n\n\n\n<p>Nomeadamente,<span class=\"swl-marker mark_yellow\">Os indiv\u00edduos t\u00eam dificuldade em tomar posi\u00e7\u00e3o contra leis que se tornaram uma formalidade ou contra o funcionamento de sistemas que s\u00e3o claramente prejudiciais ao interesse p\u00fablico.<\/span>\u00c9.<br>Por conseguinte, a GlobalUnion, enquanto organiza\u00e7\u00e3o, far\u00e1 um esfor\u00e7o concertado para resolver o problema, a fim de melhorar a sa\u00fade da sociedade.<\/p>\n\n\n\n<h2 class=\"wp-block-heading\">As aspira\u00e7\u00f5es da Uni\u00e3o Global<\/h2>\n\n\n\n<p>O trabalho \u00e9 suposto ser uma atividade em que as pessoas se ligam \u00e0 sociedade e se expressam, e n\u00e3o apenas para sobreviver. Na realidade, por\u00e9m, as pessoas est\u00e3o constantemente a ser prejudicadas pelo trabalho, e continua a ser dif\u00edcil sequer levantar a voz em muitas partes do mundo.<\/p>\n\n\n\n<p>Fund\u00e1mos a GlobalUnion para questionar porque \u00e9 que este tem sido um problema recorrente durante gera\u00e7\u00f5es e para chegar \u00e0 raiz do problema.<\/p>\n\n\n\n<p>Enquanto f\u00f3rum livre para que todos possam participar no interesse p\u00fablico, sem estarem vinculados a institui\u00e7\u00f5es ou formalidades, estamos a construir uma rede onde as vozes individuais podem chegar ao mundo, criando um sistema que permite que as pessoas levantem a sua voz de forma an\u00f3nima e segura.<\/p>\n\n\n\n<p>Uma solu\u00e7\u00e3o fundamental para o problema do trabalho \u00e9 restaurar a dignidade humana. Somos solid\u00e1rios em todos os pa\u00edses e posi\u00e7\u00f5es para realizar uma sociedade em que todas as pessoas possam trabalhar com orgulho.<\/p>\n\n\n\n<div style=\"height:30px\" aria-hidden=\"true\" class=\"wp-block-spacer\"><\/div>\n\n\n\n<div class=\"swell-block-button is-style-btn_normal\"><a href=\"https:\/\/globalunion-grp.org\/pt\/contact\/\" class=\"swell-block-button__link\"><span>Clique aqui para aderir \u00e0 GlobalUnion.<\/span><\/a><\/div>","protected":false},"excerpt":{"rendered":"<p>O desafio da Uni\u00e3o Global As quest\u00f5es laborais contam-se entre os desafios sociais mais profundos que persistem desde o nascimento da humanidade. As suas origens remontam \u00e0 escravatura e \u00e0 servid\u00e3o dos tempos antigos. H\u00e1 muito que o trabalho est\u00e1 inserido numa rela\u00e7\u00e3o de domina\u00e7\u00e3o e subordina\u00e7\u00e3o [...].<\/p>","protected":false},"author":1,"featured_media":0,"parent":0,"menu_order":0,"comment_status":"closed","ping_status":"closed","template":"","meta":{"swell_btn_cv_data":"","footnotes":"","_wp_rev_ctl_limit":""},"class_list":["post-298","page","type-page","status-publish","hentry"],"_links":{"self":[{"href":"https:\/\/globalunion-grp.org\/pt\/wp-json\/wp\/v2\/pages\/298"}],"collection":[{"href":"https:\/\/globalunion-grp.org\/pt\/wp-json\/wp\/v2\/pages"}],"about":[{"href":"https:\/\/globalunion-grp.org\/pt\/wp-json\/wp\/v2\/types\/page"}],"author":[{"embeddable":true,"href":"https:\/\/globalunion-grp.org\/pt\/wp-json\/wp\/v2\/users\/1"}],"replies":[{"embeddable":true,"href":"https:\/\/globalunion-grp.org\/pt\/wp-json\/wp\/v2\/comments?post=298"}],"version-history":[{"count":19,"href":"https:\/\/globalunion-grp.org\/pt\/wp-json\/wp\/v2\/pages\/298\/revisions"}],"predecessor-version":[{"id":573,"href":"https:\/\/globalunion-grp.org\/pt\/wp-json\/wp\/v2\/pages\/298\/revisions\/573"}],"wp:attachment":[{"href":"https:\/\/globalunion-grp.org\/pt\/wp-json\/wp\/v2\/media?parent=298"}],"curies":[{"name":"wp","href":"https:\/\/api.w.org\/{rel}","templated":true}]}}