{"id":298,"date":"2024-04-28T18:32:47","date_gmt":"2024-04-28T09:32:47","guid":{"rendered":"https:\/\/globalunion-grp.org\/?page_id=298"},"modified":"2025-05-24T20:30:18","modified_gmt":"2025-05-24T11:30:18","slug":"about-us","status":"publish","type":"page","link":"https:\/\/globalunion-grp.org\/it\/about-us\/","title":{"rendered":"Chi siamo"},"content":{"rendered":"<figure class=\"wp-block-image alignfull size-full\"><img decoding=\"async\" src=\"https:\/\/globalunion-grp.org\/wp-content\/uploads\/2024\/04\/globalunion_sec1.png\" alt=\"\" class=\"wp-image-287\"\/><\/figure>\n\n\n\n<figure class=\"wp-block-image size-large\"><a href=\"https:\/\/www.youtube.com\/watch?v=TUZIBNGBb9g\" target=\"_blank\" rel=\"noreferrer noopener\"><img decoding=\"async\" width=\"1024\" height=\"716\" src=\"https:\/\/globalunion-grp.org\/wp-content\/uploads\/2025\/05\/movie_start-1024x716.png\" alt=\"\" class=\"wp-image-571\" srcset=\"https:\/\/globalunion-grp.org\/wp-content\/uploads\/2025\/05\/movie_start-1024x716.png 1024w, https:\/\/globalunion-grp.org\/wp-content\/uploads\/2025\/05\/movie_start-300x210.png 300w, https:\/\/globalunion-grp.org\/wp-content\/uploads\/2025\/05\/movie_start-768x537.png 768w, https:\/\/globalunion-grp.org\/wp-content\/uploads\/2025\/05\/movie_start-18x12.png 18w, https:\/\/globalunion-grp.org\/wp-content\/uploads\/2025\/05\/movie_start.png 1288w\" sizes=\"(max-width: 1024px) 100vw, 1024px\" \/><\/a><\/figure>\n\n\n\n<div class=\"swell-block-button is-style-more_btn\"><a href=\"https:\/\/globalunion-grp.org\/wp-content\/uploads\/2025\/05\/presentation.pdf\" target=\"_blank\" rel=\"noopener noreferrer\" class=\"swell-block-button__link\"><span>Presentazione (PDF).<\/span><\/a><\/div>\n\n\n\n<h2 class=\"wp-block-heading\">La sfida dell'Unione Globale.<\/h2>\n\n\n\n<figure class=\"wp-block-image size-large\"><img decoding=\"async\" width=\"1024\" height=\"576\" src=\"https:\/\/globalunion-grp.org\/wp-content\/uploads\/2025\/05\/about_en_1.png\" alt=\"\" class=\"wp-image-547\" srcset=\"https:\/\/globalunion-grp.org\/wp-content\/uploads\/2025\/05\/about_en_1.png 1920w, https:\/\/globalunion-grp.org\/wp-content\/uploads\/2025\/05\/about_en_1-300x169.png 300w, https:\/\/globalunion-grp.org\/wp-content\/uploads\/2025\/05\/about_en_1-1024x576.png 1024w, https:\/\/globalunion-grp.org\/wp-content\/uploads\/2025\/05\/about_en_1-768x432.png 768w, https:\/\/globalunion-grp.org\/wp-content\/uploads\/2025\/05\/about_en_1-1536x864.png 1536w, https:\/\/globalunion-grp.org\/wp-content\/uploads\/2025\/05\/about_en_1-18x10.png 18w\" sizes=\"(max-width: 1024px) 100vw, 1024px\" \/><\/figure>\n\n\n\n<p>I temi del lavoro sono,<span class=\"swl-marker mark_yellow\">Le sfide sociali pi\u00f9 profonde che persistono fin dalla nascita dell'umanit\u00e0<\/span>\u00c8 uno dei pi\u00f9 importanti Le sue origini possono essere fatte risalire alla schiavit\u00f9 e alla servit\u00f9 della gleba nell'antichit\u00e0. Il lavoro \u00e8 stato a lungo inserito in un rapporto di dominazione e subordinazione ed \u00e8 esistito come \"stile di vita forzato\".<\/p>\n\n\n\n<p>Nell'era moderna, i diritti del lavoro sono stati sviluppati legalmente in nome della libert\u00e0 contrattuale, ma la struttura essenziale del \"lavoro sotto controllo\" non \u00e8 fondamentalmente cambiata. Nei luoghi di lavoro moderni permangono diverse strutture di oppressione e disuguaglianza, come l'occupazione informale, il superlavoro, le molestie, la disuguaglianza di genere e la gestione algoritmica.<\/p>\n\n\n\n<p>Inoltre, le recenti innovazioni tecnologiche stanno rapidamente cambiando la natura del lavoro: se da un lato i progressi dell'IA, della robotica e del lavoro su piattaforma stanno portando flessibilit\u00e0 nel modo in cui lavoriamo, dall'altro stiamo entrando in un'epoca in cui la definizione fondamentale del lavoro stesso - chi \u00e8 un lavoratore e cosa significa lavorare - viene messa in discussione. Ecco alcune delle questioni chiave che devono essere affrontate.<\/p>\n\n\n\n<p>In questo contesto, noi di GlobalUnion,<span class=\"swl-marker mark_yellow\">Interpretare i problemi del lavoro in un senso pi\u00f9 ampio, da una prospettiva che va oltre il quadro tradizionale, e lavorare per la loro soluzione radicale.<\/span>La missione \u00e8 quella di.<\/p>\n\n\n\n<p>Il progetto mira a ridefinire il lavoro, piuttosto che a \"normalizzarlo\", assumendo la sfida di creare nuovi standard per proteggere la dignit\u00e0, la libert\u00e0, la sicurezza e l'inclusione sociale dei lavoratori, piuttosto che limitarsi a temi tradizionali come la correzione dei salari e degli orari di lavoro. Non si tratta solo di una posizione di protezione dei lavoratori, ma di un progetto che mette in discussione il significato di lavoro e il modo in cui il lavoro dovrebbe essere collegato alla societ\u00e0, da tutte le prospettive etiche, economiche, politiche e culturali.<\/p>\n\n\n\n<p>Il nostro obiettivo \u00e8 realizzare \"un lavoro senza sfruttamento\", \"un modo di lavorare orgoglioso\" e \"un modo di vivere senza perdere la nostra umanit\u00e0\" sulla base dell'empatia e della solidariet\u00e0 transnazionale.<\/p>\n\n\n\n<h3 class=\"wp-block-heading\">Primi passi verso una soluzione radicale<\/h3>\n\n\n\n<p>Noi di GlobalUnion ci proponiamo di trovare soluzioni radicali al problema del lavoro, che \u00e8 la sfida sociale pi\u00f9 lunga e pi\u00f9 grave della storia dell'umanit\u00e0. Come primo passo, abbiamo iniziato chiedendoci di nuovo: qual \u00e8 il problema essenziale?<\/p>\n\n\n\n<p>In questo contesto, l'attenzione si \u00e8 concentrata sul potenziale dei sindacati.<\/p>\n\n\n\n<p>Oltre alla religione e allo Stato, i sindacati sono una grande forma di organizzazione che ha ottenuto un forte riconoscimento giuridico e sociale in tutto il mondo. Nelle costituzioni di molti Paesi, il diritto dei lavoratori a organizzarsi e a contrattare collettivamente \u00e8 esplicitamente garantito dalla legge suprema. Ci\u00f2 significa che lo Stato ha chiaramente riconosciuto l'importanza della solidariet\u00e0 organizzativa nella tutela della dignit\u00e0 e dei diritti dei lavoratori.<\/p>\n\n\n\n<p>La realt\u00e0, tuttavia, si discosta notevolmente da questa filosofia.<\/p>\n\n\n\n<p>Secondo i dati dell'Organizzazione Internazionale del Lavoro (OIL), la forza lavoro mondiale supera i 3,5 miliardi di persone e cresce di anno in anno. Allo stesso tempo, gli iscritti ai sindacati sono meno del 10% del totale e continuano a diminuire in molti Paesi. Quindi,<span class=\"swl-marker mark_yellow\">Una struttura invertita, con una partecipazione e un utilizzo effettivi che vanno indietro, nonostante l'importanza del sistema come istituzione continui a essere elevata.<\/span>sono presenti.<\/p>\n\n\n\n<p>Ci\u00f2 \u00e8 dovuto al fatto che i sindacati non svolgono il ruolo che dovrebbero avere e che alcune organizzazioni sono diventate formalizzate e scheletriche, minando la fiducia dei lavoratori. I sindacati, un tempo simbolo di giustizia sociale, oggi sono spesso oggetto di incomprensione e sfiducia.<\/p>\n\n\n\n<p>In risposta a questa situazione, abbiamo deciso di ricostruire la \"speranza\" e il \"potere di soluzione\" originari dei sindacati. Vale a dire,<span class=\"swl-marker mark_yellow\">Un nuovo modello sindacale per realizzare al massimo grado in forma moderna i suoi principi fondanti, nati in tutto il mondo.<\/span>presenta quanto segue.<\/p>\n\n\n\n<h3 class=\"wp-block-heading\">Soluzioni fondamentali per il perseguimento dell'interesse pubblico<\/h3>\n\n\n\n<p>GlobalUnion \u00e8 stata fondata con l'obiettivo di \"sfidare le soluzioni fondamentali ai problemi del lavoro globali e ampiamente definiti\". Ma non intendiamo rimanere fedeli al formato \"sindacale\".<br>Il significato del lavoro oggi si sta rapidamente diversificando e ci\u00f2 che \u00e8 necessario \u00e8 un approccio flessibile e creativo che non sia vincolato da preconcetti o quadri istituzionali.<\/p>\n\n\n\n<p>Noi siamo,<span class=\"swl-marker mark_yellow\">Massimizzare l'interesse pubblico<\/span>Mentre,<span class=\"swl-marker mark_yellow\">Metodi innovativi e indipendenti<\/span>Il progetto si fa carico di questioni lavorative essenziali che non sono state risolte dai<\/p>\n\n\n\n<p>E attraverso la solidariet\u00e0 globale e la co-creazione, affronteremo di petto la sfida storica di una soluzione fondamentale al problema del lavoro.<br>Questa \u00e8 la visione del cambiamento sociale nella nuova era che GlobalUnion presenta,<span class=\"swl-marker mark_yellow\">Questo \u00e8 lo scopo istituzionale e la forte richiesta a cui mirano le leggi e i regolamenti di tutto il mondo, che desiderano sinceramente risolvere i problemi del lavoro.<\/span>Si pu\u00f2 dire che.<\/p>\n\n\n\n<h2 class=\"wp-block-heading\">Lo stato dell'Unione globale.<\/h2>\n\n\n\n<h3 class=\"wp-block-heading\">struttura organizzativa<\/h3>\n\n\n\n<figure class=\"wp-block-image size-large\"><img decoding=\"async\" width=\"1024\" height=\"576\" src=\"https:\/\/globalunion-grp.org\/wp-content\/uploads\/2025\/05\/about_en_2.png\" alt=\"\" class=\"wp-image-548\" srcset=\"https:\/\/globalunion-grp.org\/wp-content\/uploads\/2025\/05\/about_en_2.png 1920w, https:\/\/globalunion-grp.org\/wp-content\/uploads\/2025\/05\/about_en_2-300x169.png 300w, https:\/\/globalunion-grp.org\/wp-content\/uploads\/2025\/05\/about_en_2-1024x576.png 1024w, https:\/\/globalunion-grp.org\/wp-content\/uploads\/2025\/05\/about_en_2-768x432.png 768w, https:\/\/globalunion-grp.org\/wp-content\/uploads\/2025\/05\/about_en_2-1536x864.png 1536w, https:\/\/globalunion-grp.org\/wp-content\/uploads\/2025\/05\/about_en_2-18x10.png 18w\" sizes=\"(max-width: 1024px) 100vw, 1024px\" \/><\/figure>\n\n\n\n<h4 class=\"wp-block-heading\">membri in senso stretto<\/h4>\n\n\n\n<p>GlobalUnion \u00e8,<span class=\"swl-marker mark_yellow\">Il primo sindacato globale al mondo che non applica alcuna tassa di iscrizione o di sindacalizzazione.<\/span>Is.<br>\u00c8 concepita come un'organizzazione aperta alla quale tutti gli individui possono partecipare in egual misura, indipendentemente dalla nazionalit\u00e0, dalla razza, dall'et\u00e0, dal sesso o dal background professionale.<\/p>\n\n\n\n<p>Molti sindacati tradizionali sono spesso criticati per l'elevato costo delle quote di iscrizione e delle quote sindacali, mentre i fondi non vengono utilizzati completamente a beneficio e a sostegno degli iscritti, ma vengono invece impiegati per retribuire parte del personale a tempo pieno e per attivit\u00e0 non pubbliche. La realt\u00e0 \u00e8 che questo ha portato a un declino dei tassi di organizzazione sindacale e a una perdita di fiducia da parte dell'opinione pubblica.<\/p>\n\n\n\n<p>Abbiamo affrontato la natura di queste sfide e creato un nuovo sindacato, gratuito e di interesse pubblico: la GlobalUnion \u00e8 gestita da una serie di sostenitori volontari, tra cui avvocati, contabili, manager e altri professionisti,<span class=\"swl-marker mark_yellow\">Sindacato libero ma operazioni altamente sostenibili<\/span>L'azienda ha ottenuto i seguenti risultati.<\/p>\n\n\n\n<h4 class=\"wp-block-heading\">un'ampia definizione dell'appartenenza<\/h4>\n\n\n\n<p>Sottolineiamo che il concetto di lavoro sta cambiando, passando da un'epoca in cui era limitato alle professioni a una partecipazione pi\u00f9 ampia e diversificata alla societ\u00e0. Pertanto,<span class=\"swl-marker mark_yellow\">Non si limita alla definizione tradizionale di \"iscritti al sindacato = lavoratori dipendenti\", ma include tutti coloro che simpatizzano con il lavoro della GlobalUnion e forniscono informazioni e sostegno, nel senso pi\u00f9 ampio del termine.<\/span>Sono accolti come<\/p>\n\n\n\n<p>Questa struttura di partecipazione flessibile consente non solo alle parti coinvolte nel problema, ma anche a individui e organizzazioni esterne con buone intenzioni che vogliono aiutare, di partecipare alle attivit\u00e0 e di massimizzare l'impatto sociale attraverso reti come i siti di social networking.<br>Inoltre, riduce l'onere psicologico e finanziario per le parti coinvolte e crea un modello di supporto pi\u00f9 sostenibile.<\/p>\n\n\n\n<h4 class=\"wp-block-heading\">organizzazione del raggruppamento<\/h4>\n\n\n\n<p>GlobalUnion \u00e8,<span class=\"swl-marker mark_yellow\">Altre organizzazioni che mirano a realizzare l'interesse pubblico<\/span>e reti e promuove la cooperazione come \"organizzazione di gruppo\". Forniamo supporto e consulenza a tutte le organizzazioni, costituite o meno, che condividono i nostri principi e obiettivi, nel rispetto della loro indipendenza.<\/p>\n\n\n\n<p>Questa cooperazione \u00e8,<span class=\"swl-marker mark_yellow\">Creare una solidariet\u00e0 in rete, libera e democratica, evitando la centralizzazione dell'organizzazione e promuovendo la capacit\u00e0 di ogni regione e paese di risolvere i propri problemi.<\/span>Oggetto.<\/p>\n\n\n\n<h3 class=\"wp-block-heading\">forma di attivit\u00e0<\/h3>\n\n\n\n<figure class=\"wp-block-image size-large\"><img decoding=\"async\" width=\"1024\" height=\"576\" src=\"https:\/\/globalunion-grp.org\/wp-content\/uploads\/2025\/05\/about_en_3.png\" alt=\"\" class=\"wp-image-549\" srcset=\"https:\/\/globalunion-grp.org\/wp-content\/uploads\/2025\/05\/about_en_3.png 1920w, https:\/\/globalunion-grp.org\/wp-content\/uploads\/2025\/05\/about_en_3-300x169.png 300w, https:\/\/globalunion-grp.org\/wp-content\/uploads\/2025\/05\/about_en_3-1024x576.png 1024w, https:\/\/globalunion-grp.org\/wp-content\/uploads\/2025\/05\/about_en_3-768x432.png 768w, https:\/\/globalunion-grp.org\/wp-content\/uploads\/2025\/05\/about_en_3-1536x864.png 1536w, https:\/\/globalunion-grp.org\/wp-content\/uploads\/2025\/05\/about_en_3-18x10.png 18w\" sizes=\"(max-width: 1024px) 100vw, 1024px\" \/><\/figure>\n\n\n\n<h4 class=\"wp-block-heading\">Attivit\u00e0 di sindacato<\/h4>\n\n\n\n<p>Il cuore delle attivit\u00e0 di GlobalUnion \u00e8 la sua funzione di \"sindacato\".<br>Tuttavia, riteniamo che affidarsi esclusivamente ai sistemi e alle strutture esistenti non sia sufficiente per affrontare le sempre pi\u00f9 complesse questioni lavorative del nostro tempo. Per questo motivo, diamo importanza non solo al rispetto formale di leggi e regolamenti, ma anche a un atteggiamento che agisca in conformit\u00e0 con i valori di principio radicati nelle costituzioni e in altre leggi e regolamenti supremi dei rispettivi Paesi.<\/p>\n\n\n\n<p>Spesso si verificano situazioni in cui le leggi subordinate e le operazioni amministrative sono contrarie ai principi costituzionali e agli standard internazionali sui diritti umani. In questi casi, noi<span class=\"swl-marker mark_yellow\">Come \"sindacato sovralegale\", lavoriamo per correggere gli errori sistemici e le interpretazioni errate.<\/span>di farlo. Se necessario, non esiteremo a confrontarci con l'amministrazione,<span class=\"swl-marker mark_yellow\">Una risposta che mette in primo piano l'interesse pubblico e la dignit\u00e0 umana.<\/span>da realizzare.<\/p>\n\n\n\n<p>La GlobalUnion considera anche l'approfondimento e la condivisione delle conoscenze giuridiche un'importante area di attivit\u00e0.<\/p>\n\n\n\n<h4 class=\"wp-block-heading\">Attivit\u00e0 di prossima generazione<\/h4>\n\n\n\n<p>GlobalUnion \u00e8,<span class=\"swl-marker mark_yellow\">Uso della moderna tecnologia democratica come mezzo per realizzare l'interesse pubblico<\/span>L'azienda \u00e8 inoltre attivamente coinvolta in<\/p>\n\n\n\n<p>Oltre alle infrastrutture di diffusione delle informazioni come il web e i siti di social networking, stiamo esplorando e praticando nuove forme di movimenti sociali che trascendono i vincoli fisici, come le operazioni di tipo DAO (decentralised autonomous organization) che utilizzano la tecnologia blockchain e le attivit\u00e0 partecipative negli spazi di realt\u00e0 virtuale (metaverso).<\/p>\n\n\n\n<p>Con la presente,<span class=\"swl-marker mark_yellow\">Un'ampia gamma di persone, tra cui sostenitori e osservatori, oltre alle parti interessate.<\/span>possono partecipare alle attivit\u00e0 di interesse pubblico indipendentemente dal tempo e dal luogo in cui si trovano, rendendo l'organizzazione rapida e trasparente.<\/p>\n\n\n\n<h4 class=\"wp-block-heading\">Partecipazione libera Attivit\u00e0 anonima<\/h4>\n\n\n\n<p>La partecipazione alle attivit\u00e0 di GlobalUnion \u00e8 volontaria e, in linea di principio, anonima.<br>Il motivo \u00e8 chiaro: molti problemi di lavoro sono spesso atti ingiusti del potere sociale contro i deboli, e l'individuazione e il perseguimento della parte colpita spesso porta a ritorsioni economiche e psicologiche irragionevoli da parte del potere sociale.<\/p>\n\n\n\n<p>Teniamo conto di questa realt\u00e0,<span class=\"swl-marker mark_yellow\">Un ambiente anonimo in cui i membri del sindacato si sentano al sicuro nel fare accuse, parlare e collaborare.<\/span>L'organizzazione ha sviluppato un sistema di Le informazioni possono essere diffuse e le azioni intraprese attraverso gli strumenti e i canali forniti da GlobalUnion, e l'ordine viene mantenuto attraverso controlli ed equilibri tra i partecipanti che aspirano a un elevato interesse pubblico.<\/p>\n\n\n\n<p>Per la prevenzione della diffamazione e degli atti illegali,<span class=\"swl-marker mark_yellow\">Opera nei limiti del rispetto delle leggi e dei regolamenti nazionali, con solo il minimo indispensabile di filtri formali.<\/span>Lo faremo. L'anonimato e la gratuit\u00e0 sono essenziali per la trasparenza e l'indipendenza dell'organizzazione, che consente di svolgere attivit\u00e0 essenziali al riparo da interessi e scoperte.<\/p>\n\n\n\n<h3 class=\"wp-block-heading\">Esempi di attivit\u00e0<\/h3>\n\n\n\n<figure class=\"wp-block-image size-large\"><img decoding=\"async\" width=\"1024\" height=\"576\" src=\"https:\/\/globalunion-grp.org\/wp-content\/uploads\/2025\/05\/about_en_4.png\" alt=\"\" class=\"wp-image-559\" srcset=\"https:\/\/globalunion-grp.org\/wp-content\/uploads\/2025\/05\/about_en_4.png 1920w, https:\/\/globalunion-grp.org\/wp-content\/uploads\/2025\/05\/about_en_4-300x169.png 300w, https:\/\/globalunion-grp.org\/wp-content\/uploads\/2025\/05\/about_en_4-1024x576.png 1024w, https:\/\/globalunion-grp.org\/wp-content\/uploads\/2025\/05\/about_en_4-768x432.png 768w, https:\/\/globalunion-grp.org\/wp-content\/uploads\/2025\/05\/about_en_4-1536x864.png 1536w, https:\/\/globalunion-grp.org\/wp-content\/uploads\/2025\/05\/about_en_4-18x10.png 18w\" sizes=\"(max-width: 1024px) 100vw, 1024px\" \/><\/figure>\n\n\n\n<h4 class=\"wp-block-heading\">contro i lavoratori.<\/h4>\n\n\n\n<p>La GlobalUnion funziona come un sindacato che le parti possono sentirsi a proprio agio a consultare in caso di problemi di lavoro.<br>Fornisce un forum per la diffusione anonima di informazioni e funge anche da whistleblower.<\/p>\n\n\n\n<p>Oltre a risolvere direttamente i problemi, il sindacato contribuisce anche alla prevenzione di potenziali problemi che non si sono ancora manifestati, grazie alla forza numerica dei membri volontari del sindacato.<\/p>\n\n\n\n<ul class=\"wp-block-list is-style-check_list\">\n<li>Supporto per l'inserimento lavorativo e il lavoro all'estero.<\/li>\n\n\n\n<li>Assistenza ai mezzi di sussistenza, compresi alloggi e infrastrutture.<\/li>\n\n\n\n<li>Assistenza per il cambio di valuta e la finanza in vari Paesi.<\/li>\n\n\n\n<li>Condivisione delle informazioni, dei sistemi e della cultura locale dell'azienda attraverso una rete mondiale di membri del sindacato.<\/li>\n<\/ul>\n\n\n\n<p>Fornendo questi supporti completi allo stesso tempo,<span class=\"swl-marker mark_yellow\">Fornire ai lavoratori il supporto multiforme di cui hanno bisogno per condurre una vita migliore<\/span>\u00c8 possibile.<\/p>\n\n\n\n<h4 class=\"wp-block-heading\">verso le imprese<\/h4>\n\n\n\n<p>Il \"datore di lavoro\" \u00e8 la controparte della posizione dei lavoratori, ma noi vediamo il datore di lavoro e l'impresa come separati.<br>Storicamente, il principio della collaborazione tra lavoratori e datori di lavoro per il miglioramento dell'impresa \u00e8 stato garantito dai sistemi giuridici di molti Paesi.<\/p>\n\n\n\n<p>Le attivit\u00e0 di GlobalUnion non solo migliorano il benessere dei lavoratori, ma aiutano anche le aziende a entrare in sintonia con i propri dipendenti.<br>In questo processo, anche le sfide strutturali che ci costringono a dipendere dal datore di lavoro saranno naturalmente eliminate.<\/p>\n\n\n\n<ul class=\"wp-block-list is-style-check_list\">\n<li>Segnalazione dei lavoratori attraverso l'abbinamento appropriato.<\/li>\n\n\n\n<li>Sostegno alla formazione aziendale per migliorare le competenze richieste nei diversi Paesi<\/li>\n\n\n\n<li>Sostegno alle imprese di propriet\u00e0 dei bianchi, fornendo know-how e dati sul lavoro.<\/li>\n<\/ul>\n\n\n\n<p>In particolare attraverso queste iniziative,<span class=\"swl-marker mark_yellow\">Un supporto completo alle imprese che pu\u00f2 essere direttamente o indirettamente efficace per risolvere i problemi di lavoro.<\/span>da realizzare.<\/p>\n\n\n\n<h4 class=\"wp-block-heading\">in relazione al mondo<\/h4>\n\n\n\n<p>I membri sono liberi di diffondere informazioni e di riferire alla societ\u00e0 utilizzando tutti i canali che GlobalUnion ha a disposizione.<\/p>\n\n\n\n<p>Oggi \u00e8 sempre pi\u00f9 possibile esercitare una pressione reputazionale su individui influenti e aziende giganti attraverso i siti di social network. In realt\u00e0, per\u00f2, ci sono alcuni obiettivi strutturali che sono difficili da cambiare da soli, e altri la cui reputazione ha meno probabilit\u00e0 di soffrire anche se viene danneggiata in primo luogo.<\/p>\n\n\n\n<p>In questi casi, vengono intraprese azioni interventiste pi\u00f9 incisive, come ad esempio<\/p>\n\n\n\n<ul class=\"wp-block-list is-style-check_list\">\n<li>Proteste dirette contro l'azienda o l'organizzazione interessata<\/li>\n\n\n\n<li>Obiezioni alle autorit\u00e0 statali, amministrative e competenti<\/li>\n\n\n\n<li>Richiesta di correzione delle operazioni contrarie allo spirito della legge e del sistema.<\/li>\n<\/ul>\n\n\n\n<p>In particolare,<span class=\"swl-marker mark_yellow\">Per i singoli \u00e8 difficile prendere posizione contro leggi che sono diventate una formalit\u00e0 o contro il funzionamento di sistemi che sono chiaramente dannosi per l'interesse pubblico.<\/span>Is.<br>Pertanto, GlobalUnion come organizzazione si impegner\u00e0 a risolvere il problema per migliorare la salute della societ\u00e0.<\/p>\n\n\n\n<h2 class=\"wp-block-heading\">Le aspirazioni dell'Unione Globale<\/h2>\n\n\n\n<p>Il lavoro dovrebbe essere un'attivit\u00e0 in cui le persone si connettono con la societ\u00e0 e si esprimono, non solo per sopravvivere. In realt\u00e0, per\u00f2, le persone vengono costantemente danneggiate dal lavoro e in molte parti del mondo \u00e8 difficile anche solo alzare la voce.<\/p>\n\n\n\n<p>Abbiamo fondato GlobalUnion per chiederci perch\u00e9 questo sia un problema ricorrente da generazioni e per andare alla radice del problema.<\/p>\n\n\n\n<p>Come forum libero in cui tutti possano partecipare all'interesse pubblico, senza essere vincolati da istituzioni o formalit\u00e0, stiamo costruendo una rete in cui le voci individuali possano raggiungere il mondo, creando un sistema che permetta alle persone di far sentire la propria voce in modo anonimo e sicuro.<\/p>\n\n\n\n<p>Una soluzione fondamentale al problema del lavoro \u00e8 il ripristino della dignit\u00e0 umana. Siamo solidali con tutti i Paesi e le posizioni per realizzare una societ\u00e0 in cui tutte le persone possano lavorare con orgoglio.<\/p>\n\n\n\n<div style=\"height:30px\" aria-hidden=\"true\" class=\"wp-block-spacer\"><\/div>\n\n\n\n<div class=\"swell-block-button is-style-btn_normal\"><a href=\"https:\/\/globalunion-grp.org\/it\/contact\/\" class=\"swell-block-button__link\"><span>Clicca qui per unirti a GlobalUnion.<\/span><\/a><\/div>","protected":false},"excerpt":{"rendered":"<p>La sfida dell'Unione globale I problemi del lavoro sono tra le sfide sociali pi\u00f9 radicate che persistono dalla nascita dell'umanit\u00e0. Le sue origini possono essere fatte risalire alla schiavit\u00f9 e alla servit\u00f9 della gleba nei tempi antichi. Il lavoro \u00e8 stato a lungo inserito in un rapporto di dominazione e subordinazione [...].<\/p>","protected":false},"author":1,"featured_media":0,"parent":0,"menu_order":0,"comment_status":"closed","ping_status":"closed","template":"","meta":{"swell_btn_cv_data":"","footnotes":"","_wp_rev_ctl_limit":""},"class_list":["post-298","page","type-page","status-publish","hentry"],"_links":{"self":[{"href":"https:\/\/globalunion-grp.org\/it\/wp-json\/wp\/v2\/pages\/298"}],"collection":[{"href":"https:\/\/globalunion-grp.org\/it\/wp-json\/wp\/v2\/pages"}],"about":[{"href":"https:\/\/globalunion-grp.org\/it\/wp-json\/wp\/v2\/types\/page"}],"author":[{"embeddable":true,"href":"https:\/\/globalunion-grp.org\/it\/wp-json\/wp\/v2\/users\/1"}],"replies":[{"embeddable":true,"href":"https:\/\/globalunion-grp.org\/it\/wp-json\/wp\/v2\/comments?post=298"}],"version-history":[{"count":19,"href":"https:\/\/globalunion-grp.org\/it\/wp-json\/wp\/v2\/pages\/298\/revisions"}],"predecessor-version":[{"id":573,"href":"https:\/\/globalunion-grp.org\/it\/wp-json\/wp\/v2\/pages\/298\/revisions\/573"}],"wp:attachment":[{"href":"https:\/\/globalunion-grp.org\/it\/wp-json\/wp\/v2\/media?parent=298"}],"curies":[{"name":"wp","href":"https:\/\/api.w.org\/{rel}","templated":true}]}}