{"id":17,"date":"2023-08-03T05:10:47","date_gmt":"2023-08-02T20:10:47","guid":{"rendered":"https:\/\/globalunion-grp.org\/?page_id=17"},"modified":"2023-09-14T09:26:56","modified_gmt":"2023-09-14T00:26:56","slug":"subscription-policy","status":"publish","type":"page","link":"https:\/\/globalunion-grp.org\/it\/subscription-policy\/","title":{"rendered":"Politica di abbonamento"},"content":{"rendered":"<h2 class=\"wp-block-heading\">Informazioni su GlobalUnion<\/h2>\n\n\n\n<p>A differenza di un contratto di mandato con un avvocato generico (studio legale), il nostro sindacato richiede la conferma di questa politica di adesione e l'indicazione della vostra intenzione di aderire al nostro sindacato per iscritto, per telefono, di persona, tramite modulo web, e-mail o SNS. In quanto sindacato (sindacato paritetico) con il principio dell'assenza di oneri per gli iscritti, non obblighiamo i nostri iscritti a collaborare alle attivit\u00e0 sindacali.<\/p>\n\n\n\n<p>Il nostro sindacato non ha quote sindacali, ma abbiamo diversi membri, tra cui esperti legali e manager d'azienda, che non si limiteranno a fare richieste, ma presenteranno anche soluzioni specifiche utilizzando il sistema, in modo che il recupero sia assicurato e la convergenza possa essere raggiunta rapidamente, quindi vi invitiamo a contattarci con fiducia.<\/p>\n\n\n\n<p>Per risolvere il problema, vi contatteremo per un colloquio dettagliato sull'ambiente di lavoro e sulla causa del problema, ma vi preghiamo di dirci la verit\u00e0 senza esagerare, perch\u00e9 proteggeremo la vostra riservatezza. Non \u00e8 richiesto alcun onorario, ma se il problema viene risolto, chiederemo una donazione sull'importo totale recuperato.<\/p>\n\n\n\n<h3 class=\"wp-block-heading\">Sul gruppo di appartenenza<\/h3>\n\n\n\n<p>Il sindacato costituisce il gruppo GlobalUnion e tutti i gruppi a cui appartiene sono attivi in una nuova sperimentazione di \"no union fees\". Inoltre, al fine di eliminare l'onere per i lavoratori e di ottenere soluzioni tempestive, possiamo tenere diverse consultazioni tra lavoratori e dirigenti, compresa la contrattazione collettiva come sindacato, con le aziende in cui lavorano i nostri iscritti, con la collaborazione dei gruppi a cui apparteniamo.<\/p>\n\n\n\n<p>Per ulteriori informazioni sulle organizzazioni affiliate a GlobalUnion, consultare il sito web ufficiale di GlobalUnion. Per ulteriori informazioni, consultare il sito web ufficiale di GlobalUnion.<\/p>\n\n\n\n<p>\u00c8 inoltre gestito da esperti legali qualificati, come avvocati, avvocati della previdenza sociale e del lavoro e scrivani amministrativi, il che consente un approccio diverso rispetto ad altri sindacati. Offriamo nuovi modi di essere un sindacato, tra cui la \"gratuit\u00e0 delle quote sindacali\", finora irraggiungibile.<\/p>\n\n\n\n<h3 class=\"wp-block-heading\">Come consultarlo.<\/h3>\n\n\n\n<p>Di norma, le consultazioni si svolgono on line o per posta elettronica, ma a seconda delle circostanze si possono tenere consultazioni faccia a faccia o telefoniche. Non verranno inviati per posta verbali scritti o altre informazioni sui risultati della contrattazione collettiva.<\/p>\n\n\n\n<p>Le consulenze sono gratuite, ma se il sindacato risolve un caso di consultazione con il nostro coinvolgimento e si ottiene un certo profitto o un recupero dei danni, chiediamo una donazione (in linea di massima circa il 30% dell'importo della transazione).<\/p>\n\n\n\n<p>Si tenga inoltre presente che, in caso di recupero di un certo importo di profitto o di danno, il conto bancario dell'Unione sar\u00e0 utilizzato come destinazione del trasferimento, al fine di garantire il recupero del pagamento di liquidazione e di evitare la fuga di dati personali.<\/p>\n\n\n\n<h3 class=\"wp-block-heading\">Gestione delle informazioni.<\/h3>\n\n\n\n<p>Il Gruppo GlobalUnion pu\u00f2 descrivere il processo di negoziazione e gli articoli su mezzi di comunicazione quali siti web e siti di social network gestiti dal Gruppo in un formato che non menziona i nomi individuali al fine di risolvere la questione nel pi\u00f9 breve tempo possibile, e si ritiene che l'abbonato abbia accettato questo al momento dell'adesione all'Unione.<\/p>\n\n\n\n<p>In linea di principio, i dati personali forniti non saranno trasmessi a terzi, ma potranno essere esternalizzati a professionisti, societ\u00e0, altre aziende o organizzazioni partner nella misura necessaria a raggiungere lo scopo dell'utilizzo.<\/p>\n\n\n\n<p>L'Unione<a href=\"https:\/\/globalunion-grp.org\/it\/privacy-policy\/\">Informativa sulla privacy e condizioni d'uso<\/a>e se avete domande, consultate la sezione<a href=\"https:\/\/globalunion-grp.org\/it\/contact\/\">Modulo di contatto.<\/a>Contattateci via.<\/p>","protected":false},"excerpt":{"rendered":"<p>Informazioni su GlobalUnion A differenza di un contratto di procura con un avvocato generico (studio legale), questo sindacato risponde alle consultazioni confermando questa politica di adesione per iscritto, per telefono, di persona, tramite modulo web, e-mail, servizio di social network, ecc...<\/p>","protected":false},"author":1,"featured_media":0,"parent":0,"menu_order":0,"comment_status":"closed","ping_status":"closed","template":"","meta":{"swell_btn_cv_data":"","footnotes":"","_wp_rev_ctl_limit":""},"class_list":["post-17","page","type-page","status-publish","hentry"],"_links":{"self":[{"href":"https:\/\/globalunion-grp.org\/it\/wp-json\/wp\/v2\/pages\/17"}],"collection":[{"href":"https:\/\/globalunion-grp.org\/it\/wp-json\/wp\/v2\/pages"}],"about":[{"href":"https:\/\/globalunion-grp.org\/it\/wp-json\/wp\/v2\/types\/page"}],"author":[{"embeddable":true,"href":"https:\/\/globalunion-grp.org\/it\/wp-json\/wp\/v2\/users\/1"}],"replies":[{"embeddable":true,"href":"https:\/\/globalunion-grp.org\/it\/wp-json\/wp\/v2\/comments?post=17"}],"version-history":[{"count":4,"href":"https:\/\/globalunion-grp.org\/it\/wp-json\/wp\/v2\/pages\/17\/revisions"}],"predecessor-version":[{"id":232,"href":"https:\/\/globalunion-grp.org\/it\/wp-json\/wp\/v2\/pages\/17\/revisions\/232"}],"wp:attachment":[{"href":"https:\/\/globalunion-grp.org\/it\/wp-json\/wp\/v2\/media?parent=17"}],"curies":[{"name":"wp","href":"https:\/\/api.w.org\/{rel}","templated":true}]}}