{"id":54,"date":"2023-08-08T09:04:19","date_gmt":"2023-08-08T00:04:19","guid":{"rendered":"https:\/\/globalunion-grp.org\/?page_id=54"},"modified":"2024-04-29T04:02:20","modified_gmt":"2024-04-28T19:02:20","slug":"partnership","status":"publish","type":"page","link":"https:\/\/globalunion-grp.org\/fr\/partnership\/","title":{"rendered":"partenariat"},"content":{"rendered":"<h2 class=\"wp-block-heading\">Points de vue sur les partenariats<\/h2>\n\n\n\n<p>Le Syndicat mondial est flexible dans son approche des partenariats avec les entreprises, les professionnels et les autres syndicats qui partagent notre philosophie.<\/p>\n\n\n\n<h3 class=\"wp-block-heading\">Partenariats avec les entreprises<\/h3>\n\n\n\n<p>Dans de nombreuses entreprises, les relations avec les syndicats ont \u00e9t\u00e9 n\u00e9glig\u00e9es ou n'ont m\u00eame pas \u00e9t\u00e9 prises en compte. Cependant, d\u00e8s lors que les syndicats sont d\u00e9finis dans les constitutions de nombreux pays, les relations syndicales sont \u00e9troitement li\u00e9es \u00e0 la gestion de l'entreprise.<\/p>\n\n\n\n<p>Dans de nombreux pays, les syndicats sont polaris\u00e9s, soit parce qu'ils ne fonctionnent pas du tout et sont devenus un squelette, soit parce qu'ils sont devenus des syndicats noirs socialement n\u00e9fastes ayant pour seul objectif un conflit st\u00e9rile, et il y a tr\u00e8s peu de syndicats qui fonctionnent conform\u00e9ment \u00e0 l'objectif initial du syst\u00e8me.<\/p>\n\n\n\n<p>Par cons\u00e9quent, le Syndicat mondial s'engage \u00e0 d\u00e9velopper de mani\u00e8re constructive et saine l'environnement de travail dans un esprit de soutien mutuel, m\u00eame avec des entreprises qui sont souvent per\u00e7ues comme \u00e9tant en conflit les unes avec les autres, tant qu'elles partagent la m\u00eame philosophie.<\/p>\n\n\n\n<h3 class=\"wp-block-heading\">Partenariats avec des professionnels<\/h3>\n\n\n\n<p>GlobalUnion travaille quotidiennement \u00e0 la mise en place d'un environnement de travail sain en collaboration avec un certain nombre d'avocats, d'experts-comptables, de comptables fiscaux, de consultants en mati\u00e8re de s\u00e9curit\u00e9 sociale et de travail, de scribes judiciaires, de scribes administratifs et d'autres professionnels.<\/p>\n\n\n\n<p>La coop\u00e9ration des professionnels du droit est essentielle dans notre qu\u00eate de normes mondiales.<\/p>\n\n\n\n<p>Nous sommes impatients d'entendre les professionnels qui partagent notre philosophie.<\/p>\n\n\n\n<h3 class=\"wp-block-heading\">Partenariat avec les syndicats<\/h3>\n\n\n\n<p>Si de nombreux syndicats sont devenus des squelettes et des foules, il est \u00e9galement vrai qu'il existe de v\u00e9ritables syndicats qui pensent aux travailleurs, mais beaucoup d'entre eux semblent incapables de fonctionner comme ils le devraient en raison d'un manque de savoir-faire et de main-d'\u0153uvre.<\/p>\n\n\n\n<p>Nous visons des normes mondiales, mais nous ne voulons en aucun cas \u00eatre au sommet de la pile en tant qu'Union.<\/p>\n\n\n\n<p>Nous accueillons favorablement toute forme de partenariat avec les syndicats qui partagent notre philosophie, car nous voulons que les travailleurs du monde entier soient heureux et travaillent dans un meilleur environnement.<\/p>\n\n\n\n<p>N'h\u00e9sitez pas \u00e0 nous contacter non seulement au sujet du Groupe GlobalUnion, mais aussi au sujet d'autres formes de coop\u00e9ration commerciale, telles que les franchises, les collaborations et les partenariats commerciaux.<\/p>\n\n\n\n<div style=\"height:30px\" aria-hidden=\"true\" class=\"wp-block-spacer\"><\/div>\n\n\n\n<div class=\"swell-block-button is-style-btn_normal\"><a href=\"\/fr\/global.union\/contact\/#contact\" class=\"swell-block-button__link\"><span><span style=\"--the-icon-svg: url(data:image\/svg+xml;base64,PHN2ZyBoZWlnaHQ9IjFlbSIgd2lkdGg9IjFlbSIgeG1sbnM9Imh0dHA6Ly93d3cudzMub3JnLzIwMDAvc3ZnIiBhcmlhLWhpZGRlbj0idHJ1ZSIgdmlld0JveD0iMCAwIDQ4IDQ4Ij48cGF0aCBkPSJNMjUuMiAyNC43IDQ2IDkuNVY5YzAtMS4xLS45LTItMi0ySDRjLTEuMSAwLTIgLjktMiAydi41bDIwLjggMTUuMWMuNy42IDEuNy42IDIuNC4xeiI+PC9wYXRoPjxwYXRoIGQ9Ik0yMi44IDI5LjYgMiAxNC41VjM4YzAgMS43IDEuMyAzIDMgM2gzOGMxLjcgMCAzLTEuMyAzLTNWMTQuNUwyNS4yIDI5LjZjLS43LjUtMS43LjUtMi40IDB6Ij48L3BhdGg+PC9zdmc+)\" data-icon=\"LsMail\" data-id=\"0\" aria-hidden=\"true\" class=\"swl-inline-icon\">\u2003 Pour les demandes de partenariat, cliquez ici.<\/span><\/span><\/a><\/div>","protected":false},"excerpt":{"rendered":"<p>Notre approche des partenariats GlobalUnion a une approche flexible des partenariats avec les entreprises, les professionnels et les autres syndicats qui partagent notre philosophie. Partenariats avec les entreprises Relations avec les syndicats [...].<\/p>","protected":false},"author":1,"featured_media":0,"parent":0,"menu_order":0,"comment_status":"closed","ping_status":"closed","template":"","meta":{"swell_btn_cv_data":"","footnotes":"","_wp_rev_ctl_limit":""},"class_list":["post-54","page","type-page","status-publish","hentry"],"_links":{"self":[{"href":"https:\/\/globalunion-grp.org\/fr\/wp-json\/wp\/v2\/pages\/54"}],"collection":[{"href":"https:\/\/globalunion-grp.org\/fr\/wp-json\/wp\/v2\/pages"}],"about":[{"href":"https:\/\/globalunion-grp.org\/fr\/wp-json\/wp\/v2\/types\/page"}],"author":[{"embeddable":true,"href":"https:\/\/globalunion-grp.org\/fr\/wp-json\/wp\/v2\/users\/1"}],"replies":[{"embeddable":true,"href":"https:\/\/globalunion-grp.org\/fr\/wp-json\/wp\/v2\/comments?post=54"}],"version-history":[{"count":7,"href":"https:\/\/globalunion-grp.org\/fr\/wp-json\/wp\/v2\/pages\/54\/revisions"}],"predecessor-version":[{"id":339,"href":"https:\/\/globalunion-grp.org\/fr\/wp-json\/wp\/v2\/pages\/54\/revisions\/339"}],"wp:attachment":[{"href":"https:\/\/globalunion-grp.org\/fr\/wp-json\/wp\/v2\/media?parent=54"}],"curies":[{"name":"wp","href":"https:\/\/api.w.org\/{rel}","templated":true}]}}