{"id":17,"date":"2023-08-03T05:10:47","date_gmt":"2023-08-02T20:10:47","guid":{"rendered":"https:\/\/globalunion-grp.org\/?page_id=17"},"modified":"2023-09-14T09:26:56","modified_gmt":"2023-09-14T00:26:56","slug":"subscription-policy","status":"publish","type":"page","link":"https:\/\/globalunion-grp.org\/fr\/subscription-policy\/","title":{"rendered":"Politique d'abonnement"},"content":{"rendered":"<h2 class=\"wp-block-heading\">\u00c0 propos de GlobalUnion<\/h2>\n\n\n\n<p>Contrairement \u00e0 un contrat de mandat avec un avocat g\u00e9n\u00e9raliste (cabinet juridique), notre syndicat exige que vous confirmiez cette politique d'adh\u00e9sion et que vous indiquiez votre intention d'adh\u00e9rer \u00e0 notre syndicat par \u00e9crit, par t\u00e9l\u00e9phone, en personne, via un formulaire web, par courriel ou par SNS. En tant que syndicat (syndicat mixte) appliquant le principe de la charge z\u00e9ro pour les membres, nous n'obligeons pas nos membres \u00e0 coop\u00e9rer aux activit\u00e9s syndicales.<\/p>\n\n\n\n<p>Notre syndicat n'a pas de cotisations syndicales, mais nous avons plusieurs membres, dont des juristes et des chefs d'entreprise, qui ne se contenteront pas de formuler des demandes, mais pr\u00e9senteront \u00e9galement des solutions sp\u00e9cifiques utilisant le syst\u00e8me, afin que le recouvrement soit assur\u00e9 et que la convergence puisse \u00eatre r\u00e9alis\u00e9e rapidement, alors contactez-nous en toute confiance.<\/p>\n\n\n\n<p>Afin de r\u00e9soudre le probl\u00e8me, nous vous contacterons pour un entretien d\u00e9taill\u00e9 sur l'environnement de travail et la cause du probl\u00e8me, mais nous vous demandons de nous dire la v\u00e9rit\u00e9 sans exag\u00e9ration, car nous prot\u00e9gerons votre confidentialit\u00e9. Aucun honoraire n'est demand\u00e9, mais si le probl\u00e8me est r\u00e9solu, nous vous demanderons de nous faire un don sur le montant total r\u00e9cup\u00e9r\u00e9.<\/p>\n\n\n\n<h3 class=\"wp-block-heading\">A propos du groupe auquel vous appartenez<\/h3>\n\n\n\n<p>Le syndicat forme le groupe GlobalUnion, et tous les groupes auxquels il appartient sont actifs dans un nouvel essai de \"pas de cotisations syndicales\". En outre, afin d'all\u00e9ger le fardeau des travailleurs et de parvenir \u00e0 des solutions rapides, nous pouvons organiser diverses consultations patronales-syndicales, y compris des n\u00e9gociations collectives en tant que syndicat, avec les entreprises o\u00f9 travaillent nos membres, avec la coop\u00e9ration des groupes auxquels nous appartenons.<\/p>\n\n\n\n<p>Pour plus d'informations sur les organisations affili\u00e9es \u00e0 GlobalUnion, veuillez vous r\u00e9f\u00e9rer au site officiel de GlobalUnion. Pour plus d'informations sur les organisations affili\u00e9es \u00e0 GlobalUnion, veuillez consulter le site officiel de GlobalUnion.<\/p>\n\n\n\n<p>Il est \u00e9galement dirig\u00e9 par des experts juridiques qualifi\u00e9s tels que des avocats, des avocats sp\u00e9cialis\u00e9s en s\u00e9curit\u00e9 sociale et en droit du travail et des r\u00e9dacteurs administratifs, ce qui lui permet d'adopter une approche diff\u00e9rente de celle des autres syndicats. Nous proposons de nouvelles fa\u00e7ons d'\u00eatre un syndicat, y compris la \"gratuit\u00e9 des cotisations syndicales\", qui \u00e9tait jusqu'\u00e0 pr\u00e9sent inaccessible.<\/p>\n\n\n\n<h3 class=\"wp-block-heading\">Comment consulter.<\/h3>\n\n\n\n<p>En r\u00e8gle g\u00e9n\u00e9rale, les consultations se d\u00e9roulent en ligne ou par courrier \u00e9lectronique, mais selon les circonstances, des consultations en face \u00e0 face ou par t\u00e9l\u00e9phone peuvent \u00eatre organis\u00e9es. Aucun proc\u00e8s-verbal \u00e9crit ou autre information sur les r\u00e9sultats des n\u00e9gociations collectives ne sera envoy\u00e9 par la poste.<\/p>\n\n\n\n<p>Les consultations sont gratuites, mais si le syndicat r\u00e9sout un cas de consultation avec notre participation et qu'un certain montant de b\u00e9n\u00e9fices ou de dommages-int\u00e9r\u00eats est atteint, nous demandons un don (en principe, environ 30 % du montant du r\u00e8glement).<\/p>\n\n\n\n<p>Veuillez \u00e9galement noter qu'en cas de recouvrement d'un certain montant de b\u00e9n\u00e9fices ou de dommages, le compte bancaire de l'Union sera utilis\u00e9 comme destination du transfert afin d'assurer le recouvrement du paiement de r\u00e8glement et d'\u00e9viter la fuite de donn\u00e9es \u00e0 caract\u00e8re personnel.<\/p>\n\n\n\n<h3 class=\"wp-block-heading\">Traitement de l'information.<\/h3>\n\n\n\n<p>Le Groupe GlobalUnion peut inclure le processus de n\u00e9gociation et les articles dans les m\u00e9dias tels que les sites Internet et les sites de r\u00e9seaux sociaux g\u00e9r\u00e9s par le Groupe dans un format qui ne mentionne pas les noms des individus afin de r\u00e9soudre le probl\u00e8me d\u00e8s que possible, et l'adh\u00e9rent est r\u00e9put\u00e9 avoir accept\u00e9 cela lors de son adh\u00e9sion \u00e0 l'Union.<\/p>\n\n\n\n<p>En principe, les informations personnelles que vous fournissez ne sont pas transmises \u00e0 des tiers, mais elles peuvent \u00eatre confi\u00e9es \u00e0 des professionnels partenaires, \u00e0 des soci\u00e9t\u00e9s, \u00e0 d'autres entreprises ou organisations dans la mesure o\u00f9 cela est n\u00e9cessaire pour atteindre l'objectif de l'utilisation.<\/p>\n\n\n\n<p>L'Union<a href=\"https:\/\/globalunion-grp.org\/fr\/privacy-policy\/\">Politique de confidentialit\u00e9 et conditions d'utilisation<\/a>et si vous avez des questions, veuillez consulter la rubrique<a href=\"https:\/\/globalunion-grp.org\/fr\/contact\/\">Formulaire de contact.<\/a>Veuillez nous contacter via.<\/p>","protected":false},"excerpt":{"rendered":"<p>\u00c0 propos de GlobalUnion \u00c0 la diff\u00e9rence d'un accord de procuration avec un avocat g\u00e9n\u00e9raliste (cabinet juridique), ce syndicat r\u00e9pond aux consultations en confirmant cette politique d'adh\u00e9sion par \u00e9crit, par t\u00e9l\u00e9phone, en personne, par formulaire Web, par courriel, par service de r\u00e9seautage social, etc. et par [...]....<\/p>","protected":false},"author":1,"featured_media":0,"parent":0,"menu_order":0,"comment_status":"closed","ping_status":"closed","template":"","meta":{"swell_btn_cv_data":"","footnotes":"","_wp_rev_ctl_limit":""},"class_list":["post-17","page","type-page","status-publish","hentry"],"_links":{"self":[{"href":"https:\/\/globalunion-grp.org\/fr\/wp-json\/wp\/v2\/pages\/17"}],"collection":[{"href":"https:\/\/globalunion-grp.org\/fr\/wp-json\/wp\/v2\/pages"}],"about":[{"href":"https:\/\/globalunion-grp.org\/fr\/wp-json\/wp\/v2\/types\/page"}],"author":[{"embeddable":true,"href":"https:\/\/globalunion-grp.org\/fr\/wp-json\/wp\/v2\/users\/1"}],"replies":[{"embeddable":true,"href":"https:\/\/globalunion-grp.org\/fr\/wp-json\/wp\/v2\/comments?post=17"}],"version-history":[{"count":4,"href":"https:\/\/globalunion-grp.org\/fr\/wp-json\/wp\/v2\/pages\/17\/revisions"}],"predecessor-version":[{"id":232,"href":"https:\/\/globalunion-grp.org\/fr\/wp-json\/wp\/v2\/pages\/17\/revisions\/232"}],"wp:attachment":[{"href":"https:\/\/globalunion-grp.org\/fr\/wp-json\/wp\/v2\/media?parent=17"}],"curies":[{"name":"wp","href":"https:\/\/api.w.org\/{rel}","templated":true}]}}