{"id":54,"date":"2023-08-08T09:04:19","date_gmt":"2023-08-08T00:04:19","guid":{"rendered":"https:\/\/globalunion-grp.org\/?page_id=54"},"modified":"2024-04-29T04:02:20","modified_gmt":"2024-04-28T19:02:20","slug":"partnership","status":"publish","type":"page","link":"https:\/\/globalunion-grp.org\/es\/partnership\/","title":{"rendered":"asociaci\u00f3n"},"content":{"rendered":"<h2 class=\"wp-block-heading\">Puntos de vista sobre las asociaciones<\/h2>\n\n\n\n<p>GlobalUnion es flexible en su enfoque de las asociaciones con empresas, profesionales y otros sindicatos que comparten nuestra filosof\u00eda.<\/p>\n\n\n\n<h3 class=\"wp-block-heading\">Asociaciones empresariales<\/h3>\n\n\n\n<p>Hay muchas empresas en las que la relaci\u00f3n con los sindicatos es algo que se ha descuidado o ni siquiera se ha tenido en cuenta. Sin embargo, desde que los sindicatos est\u00e1n definidos en las constituciones de muchos pa\u00edses, las relaciones sindicales est\u00e1n estrechamente vinculadas a la gesti\u00f3n de la empresa.<\/p>\n\n\n\n<p>En muchos pa\u00edses, los sindicatos est\u00e1n polarizados, bien porque no funcionan en absoluto y se han convertido en un esqueleto, bien porque se han convertido en sindicatos negros socialmente perversos con el \u00fanico prop\u00f3sito de crear conflictos est\u00e9riles, y hay muy pocos sindicatos que funcionen de acuerdo con el prop\u00f3sito original del sistema.<\/p>\n\n\n\n<p>Por ello, GlobalUnion est\u00e1 comprometida con el desarrollo constructivo y saludable del entorno laboral en un esp\u00edritu de apoyo mutuo, incluso con empresas que a menudo se consideran conflictivas entre s\u00ed, siempre que compartan la misma filosof\u00eda.<\/p>\n\n\n\n<h3 class=\"wp-block-heading\">Asociaciones con profesionales<\/h3>\n\n\n\n<p>GlobalUnion trabaja a diario para conseguir un entorno de trabajo saludable en colaboraci\u00f3n con abogados, censores jurados de cuentas, contables fiscales, asesores laborales y de la seguridad social, secretarios judiciales, secretarios administrativos y otros profesionales.<\/p>\n\n\n\n<p>La cooperaci\u00f3n de los profesionales del Derecho es esencial en nuestro esfuerzo por alcanzar normas mundiales.<\/p>\n\n\n\n<p>Esperamos recibir noticias de profesionales que compartan nuestra filosof\u00eda.<\/p>\n\n\n\n<h3 class=\"wp-block-heading\">Colaboraci\u00f3n con los sindicatos<\/h3>\n\n\n\n<p>Aunque muchos sindicatos se han convertido en esqueletos y mafias, tambi\u00e9n es cierto que hay algunos sindicatos aut\u00e9nticos que piensan en los trabajadores, pero muchos de ellos parecen incapaces de funcionar como deber\u00edan por falta de conocimientos t\u00e9cnicos y de mano de obra.<\/p>\n\n\n\n<p>Aspiramos a normas mundiales, pero de ning\u00fan modo queremos estar a la cabeza como Uni\u00f3n.<\/p>\n\n\n\n<p>Acogemos con satisfacci\u00f3n cualquier forma de asociaci\u00f3n con sindicatos que est\u00e9n de acuerdo con nuestra filosof\u00eda, ya que queremos que los trabajadores de todo el mundo sean felices y trabajen en un entorno laboral mejor.<\/p>\n\n\n\n<p>No dude en ponerse en contacto con nosotros no s\u00f3lo sobre el Grupo GlobalUnion, sino tambi\u00e9n sobre otras formas de cooperaci\u00f3n empresarial, como franquicias, colaboraciones y asociaciones empresariales.<\/p>\n\n\n\n<div style=\"height:30px\" aria-hidden=\"true\" class=\"wp-block-spacer\"><\/div>\n\n\n\n<div class=\"swell-block-button is-style-btn_normal\"><a href=\"\/es\/global.union\/contact\/#contact\" class=\"swell-block-button__link\"><span><span style=\"--the-icon-svg: url(data:image\/svg+xml;base64,PHN2ZyBoZWlnaHQ9IjFlbSIgd2lkdGg9IjFlbSIgeG1sbnM9Imh0dHA6Ly93d3cudzMub3JnLzIwMDAvc3ZnIiBhcmlhLWhpZGRlbj0idHJ1ZSIgdmlld0JveD0iMCAwIDQ4IDQ4Ij48cGF0aCBkPSJNMjUuMiAyNC43IDQ2IDkuNVY5YzAtMS4xLS45LTItMi0ySDRjLTEuMSAwLTIgLjktMiAydi41bDIwLjggMTUuMWMuNy42IDEuNy42IDIuNC4xeiI+PC9wYXRoPjxwYXRoIGQ9Ik0yMi44IDI5LjYgMiAxNC41VjM4YzAgMS43IDEuMyAzIDMgM2gzOGMxLjcgMCAzLTEuMyAzLTNWMTQuNUwyNS4yIDI5LjZjLS43LjUtMS43LjUtMi40IDB6Ij48L3BhdGg+PC9zdmc+)\" data-icon=\"LsMail\" data-id=\"0\" aria-hidden=\"true\" class=\"swl-inline-icon\">\u2003 Para consultas sobre asociaciones, haga clic aqu\u00ed.<\/span><\/span><\/a><\/div>","protected":false},"excerpt":{"rendered":"<p>Nuestro enfoque de las asociaciones GlobalUnion tiene un enfoque flexible de las asociaciones con empresas, profesionales y otros sindicatos que comparten nuestra filosof\u00eda. Asociaciones con empresas Relaciones con sindicatos [...].<\/p>","protected":false},"author":1,"featured_media":0,"parent":0,"menu_order":0,"comment_status":"closed","ping_status":"closed","template":"","meta":{"swell_btn_cv_data":"","footnotes":"","_wp_rev_ctl_limit":""},"class_list":["post-54","page","type-page","status-publish","hentry"],"_links":{"self":[{"href":"https:\/\/globalunion-grp.org\/es\/wp-json\/wp\/v2\/pages\/54"}],"collection":[{"href":"https:\/\/globalunion-grp.org\/es\/wp-json\/wp\/v2\/pages"}],"about":[{"href":"https:\/\/globalunion-grp.org\/es\/wp-json\/wp\/v2\/types\/page"}],"author":[{"embeddable":true,"href":"https:\/\/globalunion-grp.org\/es\/wp-json\/wp\/v2\/users\/1"}],"replies":[{"embeddable":true,"href":"https:\/\/globalunion-grp.org\/es\/wp-json\/wp\/v2\/comments?post=54"}],"version-history":[{"count":7,"href":"https:\/\/globalunion-grp.org\/es\/wp-json\/wp\/v2\/pages\/54\/revisions"}],"predecessor-version":[{"id":339,"href":"https:\/\/globalunion-grp.org\/es\/wp-json\/wp\/v2\/pages\/54\/revisions\/339"}],"wp:attachment":[{"href":"https:\/\/globalunion-grp.org\/es\/wp-json\/wp\/v2\/media?parent=54"}],"curies":[{"name":"wp","href":"https:\/\/api.w.org\/{rel}","templated":true}]}}