{"id":298,"date":"2024-04-28T18:32:47","date_gmt":"2024-04-28T09:32:47","guid":{"rendered":"https:\/\/globalunion-grp.org\/?page_id=298"},"modified":"2025-05-24T20:30:18","modified_gmt":"2025-05-24T11:30:18","slug":"about-us","status":"publish","type":"page","link":"https:\/\/globalunion-grp.org\/es\/about-us\/","title":{"rendered":"Qui\u00e9nes somos"},"content":{"rendered":"<figure class=\"wp-block-image alignfull size-full\"><img decoding=\"async\" src=\"https:\/\/globalunion-grp.org\/wp-content\/uploads\/2024\/04\/globalunion_sec1.png\" alt=\"\" class=\"wp-image-287\"\/><\/figure>\n\n\n\n<figure class=\"wp-block-image size-large\"><a href=\"https:\/\/www.youtube.com\/watch?v=TUZIBNGBb9g\" target=\"_blank\" rel=\"noreferrer noopener\"><img decoding=\"async\" width=\"1024\" height=\"716\" src=\"https:\/\/globalunion-grp.org\/wp-content\/uploads\/2025\/05\/movie_start-1024x716.png\" alt=\"\" class=\"wp-image-571\" srcset=\"https:\/\/globalunion-grp.org\/wp-content\/uploads\/2025\/05\/movie_start-1024x716.png 1024w, https:\/\/globalunion-grp.org\/wp-content\/uploads\/2025\/05\/movie_start-300x210.png 300w, https:\/\/globalunion-grp.org\/wp-content\/uploads\/2025\/05\/movie_start-768x537.png 768w, https:\/\/globalunion-grp.org\/wp-content\/uploads\/2025\/05\/movie_start-18x12.png 18w, https:\/\/globalunion-grp.org\/wp-content\/uploads\/2025\/05\/movie_start.png 1288w\" sizes=\"(max-width: 1024px) 100vw, 1024px\" \/><\/a><\/figure>\n\n\n\n<div class=\"swell-block-button is-style-more_btn\"><a href=\"https:\/\/globalunion-grp.org\/wp-content\/uploads\/2025\/05\/presentation.pdf\" target=\"_blank\" rel=\"noopener noreferrer\" class=\"swell-block-button__link\"><span>Presentaci\u00f3n (PDF).<\/span><\/a><\/div>\n\n\n\n<h2 class=\"wp-block-heading\">El reto de Global Union.<\/h2>\n\n\n\n<figure class=\"wp-block-image size-large\"><img decoding=\"async\" width=\"1024\" height=\"576\" src=\"https:\/\/globalunion-grp.org\/wp-content\/uploads\/2025\/05\/about_en_1.png\" alt=\"\" class=\"wp-image-547\" srcset=\"https:\/\/globalunion-grp.org\/wp-content\/uploads\/2025\/05\/about_en_1.png 1920w, https:\/\/globalunion-grp.org\/wp-content\/uploads\/2025\/05\/about_en_1-300x169.png 300w, https:\/\/globalunion-grp.org\/wp-content\/uploads\/2025\/05\/about_en_1-1024x576.png 1024w, https:\/\/globalunion-grp.org\/wp-content\/uploads\/2025\/05\/about_en_1-768x432.png 768w, https:\/\/globalunion-grp.org\/wp-content\/uploads\/2025\/05\/about_en_1-1536x864.png 1536w, https:\/\/globalunion-grp.org\/wp-content\/uploads\/2025\/05\/about_en_1-18x10.png 18w\" sizes=\"(max-width: 1024px) 100vw, 1024px\" \/><\/figure>\n\n\n\n<p>Las cuestiones laborales son,<span class=\"swl-marker mark_yellow\">Los retos sociales m\u00e1s arraigados que persisten desde el nacimiento de la humanidad<\/span>Es uno de los m\u00e1s importantes Sus or\u00edgenes se remontan a la esclavitud y la servidumbre en la antig\u00fcedad. El trabajo ha estado arraigado durante mucho tiempo en una relaci\u00f3n de dominaci\u00f3n y subordinaci\u00f3n, y ha existido como un \"modo de vida forzado\".<\/p>\n\n\n\n<p>En la era moderna, los derechos laborales se han desarrollado legalmente en nombre de los contratos libres, pero la estructura esencial del \"trabajo bajo control\" no ha cambiado en lo fundamental. Las estructuras de opresi\u00f3n y desigualdad siguen persistiendo en el lugar de trabajo moderno bajo diversas formas, como el empleo informal, el exceso de trabajo, el acoso, la desigualdad de g\u00e9nero y la gesti\u00f3n algor\u00edtmica.<\/p>\n\n\n\n<p>Adem\u00e1s, las recientes innovaciones tecnol\u00f3gicas est\u00e1n cambiando r\u00e1pidamente la naturaleza del trabajo: mientras que los avances en IA, rob\u00f3tica y plataformas de trabajo est\u00e1n aportando flexibilidad a la forma en que trabajamos, tambi\u00e9n estamos entrando en una era en la que se est\u00e1 cuestionando la definici\u00f3n fundamental del propio trabajo: qui\u00e9n es un trabajador y qu\u00e9 significa trabajar. A continuaci\u00f3n se exponen algunas de las cuestiones clave que deben abordarse.<\/p>\n\n\n\n<p>En este contexto, en GlobalUnion,<span class=\"swl-marker mark_yellow\">Interpretar las cuestiones laborales en un sentido m\u00e1s amplio, desde una perspectiva que supere el marco tradicional, y trabajar por su resoluci\u00f3n radical.<\/span>La misi\u00f3n es.<\/p>\n\n\n\n<p>El proyecto pretende redefinir el trabajo, en lugar de \"normalizarlo\", asumiendo el reto de crear nuevas normas para proteger la dignidad, la libertad, la seguridad y la inclusi\u00f3n social de los trabajadores, en lugar de limitarse a temas tradicionales como la correcci\u00f3n de los salarios y las horas de trabajo. No se trata s\u00f3lo de una postura de protecci\u00f3n de los trabajadores, sino de un proyecto para cuestionar lo que significa para las personas trabajar y c\u00f3mo debe conectarse el trabajo con la sociedad, desde todas las perspectivas \u00e9ticas, econ\u00f3micas, pol\u00edticas y culturales.<\/p>\n\n\n\n<p>Nuestro objetivo es hacer realidad \"un trabajo sin explotaci\u00f3n\", \"un modo de trabajar orgulloso\" y \"un modo de vida sin perder nuestra humanidad\" sobre la base de la empat\u00eda y la solidaridad transnacionales.<\/p>\n\n\n\n<h3 class=\"wp-block-heading\">El primer paso hacia una soluci\u00f3n radical<\/h3>\n\n\n\n<p>En GlobalUnion nos proponemos encontrar soluciones radicales al problema laboral, el reto social m\u00e1s largo y grave de la historia de la humanidad. Como primer paso, empezamos pregunt\u00e1ndonos de nuevo: \u00bfcu\u00e1l es el problema esencial?<\/p>\n\n\n\n<p>En este contexto, la atenci\u00f3n se centr\u00f3 en el potencial de los sindicatos.<\/p>\n\n\n\n<p>Junto con la religi\u00f3n y el Estado, los sindicatos son una gran forma de organizaci\u00f3n que ha obtenido un fuerte reconocimiento jur\u00eddico y social en todo el mundo. En las constituciones de muchos pa\u00edses, el derecho de los trabajadores a organizarse y negociar colectivamente est\u00e1 expl\u00edcitamente garantizado por la ley suprema. Esto significa que el Estado ha reconocido claramente la importancia de la solidaridad organizativa para proteger la dignidad y los derechos de los trabajadores.<\/p>\n\n\n\n<p>La realidad, sin embargo, se desv\u00eda significativamente de esa filosof\u00eda.<\/p>\n\n\n\n<p>Seg\u00fan datos de la Organizaci\u00f3n Internacional del Trabajo (OIT), la poblaci\u00f3n activa mundial supera los 3.500 millones de personas y crece a\u00f1o tras a\u00f1o. Al mismo tiempo, la afiliaci\u00f3n sindical es inferior al 10% del total y sigue disminuyendo en muchos pa\u00edses. As\u00ed pues,<span class=\"swl-marker mark_yellow\">Una estructura invertida, en la que la participaci\u00f3n real y la utilizaci\u00f3n retroceden, a pesar de que la importancia del sistema como instituci\u00f3n sigue siendo elevada.<\/span>est\u00e1n presentes.<\/p>\n\n\n\n<p>Esto se debe a que los sindicatos no est\u00e1n cumpliendo el papel que se supone que deben desempe\u00f1ar y a que algunas organizaciones se han vuelto formalistas y esquel\u00e9ticas, minando la confianza de los trabajadores. Los sindicatos, anta\u00f1o s\u00edmbolo de justicia social, son hoy a menudo objeto de incomprensi\u00f3n y desconfianza.<\/p>\n\n\n\n<p>En respuesta a esta situaci\u00f3n, decidimos reconstruir la \"esperanza\" y el \"poder de soluci\u00f3n\" originales de los sindicatos. A saber,<span class=\"swl-marker mark_yellow\">Un nuevo modelo sindical que haga realidad sus principios fundacionales, nacidos en su d\u00eda en todo el mundo, en su m\u00e1xima expresi\u00f3n y de forma moderna.<\/span>presenta lo siguiente.<\/p>\n\n\n\n<h3 class=\"wp-block-heading\">Soluciones fundamentales en aras del inter\u00e9s p\u00fablico<\/h3>\n\n\n\n<p>GlobalUnion se fund\u00f3 con el objetivo de \"cuestionar las soluciones fundamentales a los problemas laborales globales, ampliamente definidos\". Pero no pretendemos ce\u00f1irnos al formato \"sindical\".<br>El significado del trabajo se est\u00e1 diversificando r\u00e1pidamente hoy en d\u00eda, y lo que se necesita es un enfoque flexible y creativo que no est\u00e9 limitado por ideas preconcebidas o marcos institucionales.<\/p>\n\n\n\n<p>Lo somos,<span class=\"swl-marker mark_yellow\">Maximizar el inter\u00e9s p\u00fablico<\/span>Mientras,<span class=\"swl-marker mark_yellow\">M\u00e9todos innovadores e independientes<\/span>El proyecto aborda cuestiones laborales esenciales que no han sido resueltas por la<\/p>\n\n\n\n<p>Y a trav\u00e9s de la solidaridad global y la co-creaci\u00f3n, afrontaremos de frente el reto hist\u00f3rico de una soluci\u00f3n fundamental al problema laboral.<br>Esta es la visi\u00f3n del cambio social en la nueva era que presenta GlobalUnion,<span class=\"swl-marker mark_yellow\">Este es el prop\u00f3sito institucional y la fuerte demanda que persiguen las leyes y normativas de todo el mundo, que desean sinceramente resolver los problemas laborales.<\/span>Se puede decir que.<\/p>\n\n\n\n<h2 class=\"wp-block-heading\">El estado de la Uni\u00f3n Global.<\/h2>\n\n\n\n<h3 class=\"wp-block-heading\">estructura organizativa<\/h3>\n\n\n\n<figure class=\"wp-block-image size-large\"><img decoding=\"async\" width=\"1024\" height=\"576\" src=\"https:\/\/globalunion-grp.org\/wp-content\/uploads\/2025\/05\/about_en_2.png\" alt=\"\" class=\"wp-image-548\" srcset=\"https:\/\/globalunion-grp.org\/wp-content\/uploads\/2025\/05\/about_en_2.png 1920w, https:\/\/globalunion-grp.org\/wp-content\/uploads\/2025\/05\/about_en_2-300x169.png 300w, https:\/\/globalunion-grp.org\/wp-content\/uploads\/2025\/05\/about_en_2-1024x576.png 1024w, https:\/\/globalunion-grp.org\/wp-content\/uploads\/2025\/05\/about_en_2-768x432.png 768w, https:\/\/globalunion-grp.org\/wp-content\/uploads\/2025\/05\/about_en_2-1536x864.png 1536w, https:\/\/globalunion-grp.org\/wp-content\/uploads\/2025\/05\/about_en_2-18x10.png 18w\" sizes=\"(max-width: 1024px) 100vw, 1024px\" \/><\/figure>\n\n\n\n<h4 class=\"wp-block-heading\">miembros en el sentido estricto del t\u00e9rmino<\/h4>\n\n\n\n<p>GlobalUnion lo es,<span class=\"swl-marker mark_yellow\">El primer sindicato mundial que no cobra cuotas de afiliaci\u00f3n ni sindicales.<\/span>S\u00ed.<br>Est\u00e1 concebida como una organizaci\u00f3n abierta en la que todas las personas pueden participar por igual, independientemente de su nacionalidad, raza, edad, sexo o formaci\u00f3n profesional.<\/p>\n\n\n\n<p>A menudo se critica a muchos sindicatos tradicionales por cobrar elevadas cuotas de afiliaci\u00f3n y sindicales, mientras que los fondos no se destinan \u00edntegramente a beneficiar y apoyar a sus afiliados, sino que se utilizan para remunerar a parte del personal a tiempo completo y para actividades no beneficiosas. La realidad es que esto ha provocado un descenso del \u00edndice de organizaci\u00f3n sindical y una p\u00e9rdida de confianza de los ciudadanos.<\/p>\n\n\n\n<p>Nos hemos enfrentado a la naturaleza de estos retos y hemos creado un nuevo sindicato, gratuito y de inter\u00e9s p\u00fablico: GlobalUnion est\u00e1 dirigido por una serie de colaboradores voluntarios, entre los que se encuentran abogados, contables, directivos y otros profesionales,<span class=\"swl-marker mark_yellow\">Sindicato libre pero operaciones altamente sostenibles<\/span>La empresa ha conseguido lo siguiente.<\/p>\n\n\n\n<h4 class=\"wp-block-heading\">composici\u00f3n ampliamente definida<\/h4>\n\n\n\n<p>Destacamos que el concepto de trabajo est\u00e1 cambiando, pasando de una \u00e9poca en la que se limitaba a las ocupaciones a una participaci\u00f3n m\u00e1s amplia y diversa en la sociedad. Por lo tanto,<span class=\"swl-marker mark_yellow\">No se limita a la definici\u00f3n tradicional de \"afiliados sindicales = trabajadores por cuenta ajena\", sino que incluye a todos aquellos que simpatizan con la labor de GlobalUnion y proporcionan informaci\u00f3n y apoyo, en el sentido m\u00e1s amplio de la palabra.<\/span>Se les acoge como<\/p>\n\n\n\n<p>Esta estructura de participaci\u00f3n flexible permite participar en las actividades no s\u00f3lo a las partes implicadas en el problema, sino tambi\u00e9n a personas y organizaciones bienintencionadas de fuera que quieran ayudar, y maximizar el impacto social a trav\u00e9s de redes como las redes sociales.<br>Tambi\u00e9n reduce la carga psicol\u00f3gica y financiera de las partes implicadas y crea un modelo de apoyo m\u00e1s sostenible.<\/p>\n\n\n\n<h4 class=\"wp-block-heading\">organizaci\u00f3n de la agrupaci\u00f3n<\/h4>\n\n\n\n<p>GlobalUnion lo es,<span class=\"swl-marker mark_yellow\">Otras organizaciones que persiguen el inter\u00e9s p\u00fablico<\/span>y redes y promueve la cooperaci\u00f3n como \"organizaci\u00f3n de grupo\". Prestamos apoyo y asesoramiento a cualquier organizaci\u00f3n, constituida o no en sociedad, que est\u00e9 de acuerdo con nuestros principios y objetivos, respetando su independencia.<\/p>\n\n\n\n<p>Esta cooperaci\u00f3n lo es,<span class=\"swl-marker mark_yellow\">Crear una solidaridad flexible, democr\u00e1tica y en red, evitando al mismo tiempo la centralizaci\u00f3n de la organizaci\u00f3n y fomentando la capacidad de cada regi\u00f3n y pa\u00eds para resolver sus propios problemas.<\/span>Objeto.<\/p>\n\n\n\n<h3 class=\"wp-block-heading\">forma de actividad<\/h3>\n\n\n\n<figure class=\"wp-block-image size-large\"><img decoding=\"async\" width=\"1024\" height=\"576\" src=\"https:\/\/globalunion-grp.org\/wp-content\/uploads\/2025\/05\/about_en_3.png\" alt=\"\" class=\"wp-image-549\" srcset=\"https:\/\/globalunion-grp.org\/wp-content\/uploads\/2025\/05\/about_en_3.png 1920w, https:\/\/globalunion-grp.org\/wp-content\/uploads\/2025\/05\/about_en_3-300x169.png 300w, https:\/\/globalunion-grp.org\/wp-content\/uploads\/2025\/05\/about_en_3-1024x576.png 1024w, https:\/\/globalunion-grp.org\/wp-content\/uploads\/2025\/05\/about_en_3-768x432.png 768w, https:\/\/globalunion-grp.org\/wp-content\/uploads\/2025\/05\/about_en_3-1536x864.png 1536w, https:\/\/globalunion-grp.org\/wp-content\/uploads\/2025\/05\/about_en_3-18x10.png 18w\" sizes=\"(max-width: 1024px) 100vw, 1024px\" \/><\/figure>\n\n\n\n<h4 class=\"wp-block-heading\">Actividades sindicales<\/h4>\n\n\n\n<p>En el centro de las actividades de GlobalUnion est\u00e1 su funci\u00f3n de \"sindicato\".<br>Sin embargo, creemos que basarse \u00fanicamente en los sistemas y marcos existentes no es suficiente para abordar las cuestiones laborales cada vez m\u00e1s complejas de nuestro tiempo. Por eso, damos importancia no s\u00f3lo al cumplimiento formal de las leyes y reglamentos, sino tambi\u00e9n a una actitud de actuaci\u00f3n acorde con unos valores de principio arraigados en las constituciones y otras leyes y reglamentos supremos de los respectivos pa\u00edses.<\/p>\n\n\n\n<p>A menudo, nos encontramos con situaciones en las que las leyes subordinadas y las operaciones administrativas son contrarias a los principios constitucionales y a las normas internacionales de derechos humanos. En tales casos<span class=\"swl-marker mark_yellow\">Como \"sindicato supralegal\", trabajamos para corregir errores sist\u00e9micos y malas interpretaciones.<\/span>a hacerlo. Si es necesario, no dudaremos en enfrentarnos a la administraci\u00f3n,<span class=\"swl-marker mark_yellow\">Una respuesta que ponga en primer plano el inter\u00e9s p\u00fablico y la dignidad humana.<\/span>para hacerlo.<\/p>\n\n\n\n<p>La GlobalUnion tambi\u00e9n considera que la profundizaci\u00f3n y el intercambio de conocimientos jur\u00eddicos es un \u00e1mbito de actividad importante.<\/p>\n\n\n\n<h4 class=\"wp-block-heading\">Actividades de la pr\u00f3xima generaci\u00f3n<\/h4>\n\n\n\n<p>GlobalUnion lo es,<span class=\"swl-marker mark_yellow\">Utilizaci\u00f3n de la tecnolog\u00eda democr\u00e1tica moderna como medio para hacer realidad el inter\u00e9s p\u00fablico<\/span>La empresa tambi\u00e9n participa activamente en<\/p>\n\n\n\n<p>Adem\u00e1s de infraestructuras de difusi\u00f3n de la informaci\u00f3n como la web y las redes sociales, estamos explorando y practicando nuevas formas de movimientos sociales que trascienden las limitaciones f\u00edsicas, como operaciones del tipo DAO (organizaci\u00f3n aut\u00f3noma descentralizada) que utilizan la tecnolog\u00eda blockchain y actividades participativas en espacios de realidad virtual (metaverso).<\/p>\n\n\n\n<p>Por la presente,<span class=\"swl-marker mark_yellow\">Un amplio abanico de personas, incluidos simpatizantes y observadores, as\u00ed como las partes interesadas.<\/span>pueden participar en actividades de inter\u00e9s p\u00fablico independientemente de la hora y el lugar, lo que hace que la organizaci\u00f3n sea r\u00e1pida y transparente.<\/p>\n\n\n\n<h4 class=\"wp-block-heading\">Participaci\u00f3n gratuita Actividad an\u00f3nima<\/h4>\n\n\n\n<p>Toda participaci\u00f3n en las actividades de GlobalUnion es voluntaria y, en principio, an\u00f3nima.<br>La raz\u00f3n es clara: muchos problemas laborales suelen ser actos injustos de los socialmente poderosos contra los d\u00e9biles, y el se\u00f1alamiento y enjuiciamiento de la parte afectada suele dar lugar a represalias econ\u00f3micas y psicol\u00f3gicas desmedidas por parte de los socialmente poderosos.<\/p>\n\n\n\n<p>Tenemos en cuenta esta realidad,<span class=\"swl-marker mark_yellow\">Un entorno an\u00f3nimo en el que los miembros del sindicato se sientan seguros para hacer acusaciones, hablar y cooperar.<\/span>La organizaci\u00f3n ha desarrollado un sistema de La informaci\u00f3n puede difundirse y las acciones emprenderse a trav\u00e9s de las herramientas y canales que proporciona GlobalUnion, y el orden se mantiene mediante controles y equilibrios entre participantes que aspiran a un alto inter\u00e9s p\u00fablico.<\/p>\n\n\n\n<p>Para prevenir la difamaci\u00f3n y los actos ilegales,<span class=\"swl-marker mark_yellow\">Funciona dentro de los l\u00edmites del respeto a las leyes y normativas nacionales, con s\u00f3lo los filtros formales m\u00ednimos necesarios.<\/span>Lo haremos. El anonimato y la gratuidad son esenciales para la transparencia y la independencia de la organizaci\u00f3n, permitiendo actividades esenciales libres de intereses y descubrimientos.<\/p>\n\n\n\n<h3 class=\"wp-block-heading\">Ejemplos de actividades<\/h3>\n\n\n\n<figure class=\"wp-block-image size-large\"><img decoding=\"async\" width=\"1024\" height=\"576\" src=\"https:\/\/globalunion-grp.org\/wp-content\/uploads\/2025\/05\/about_en_4.png\" alt=\"\" class=\"wp-image-559\" srcset=\"https:\/\/globalunion-grp.org\/wp-content\/uploads\/2025\/05\/about_en_4.png 1920w, https:\/\/globalunion-grp.org\/wp-content\/uploads\/2025\/05\/about_en_4-300x169.png 300w, https:\/\/globalunion-grp.org\/wp-content\/uploads\/2025\/05\/about_en_4-1024x576.png 1024w, https:\/\/globalunion-grp.org\/wp-content\/uploads\/2025\/05\/about_en_4-768x432.png 768w, https:\/\/globalunion-grp.org\/wp-content\/uploads\/2025\/05\/about_en_4-1536x864.png 1536w, https:\/\/globalunion-grp.org\/wp-content\/uploads\/2025\/05\/about_en_4-18x10.png 18w\" sizes=\"(max-width: 1024px) 100vw, 1024px\" \/><\/figure>\n\n\n\n<h4 class=\"wp-block-heading\">contra los trabajadores.<\/h4>\n\n\n\n<p>GlobalUnion funciona como un sindicato al que las partes pueden sentirse c\u00f3modas consultando cuando surgen problemas laborales.<br>Proporciona un foro para la difusi\u00f3n an\u00f3nima de informaci\u00f3n y tambi\u00e9n act\u00faa como denunciante.<\/p>\n\n\n\n<p>Adem\u00e1s de resolver problemas directamente, el sindicato tambi\u00e9n contribuye a la prevenci\u00f3n de problemas potenciales que a\u00fan no se han manifestado gracias a la fuerza num\u00e9rica de los afiliados voluntarios al sindicato.<\/p>\n\n\n\n<ul class=\"wp-block-list is-style-check_list\">\n<li>Apoyo para la colocaci\u00f3n y el trabajo en el extranjero.<\/li>\n\n\n\n<li>Asistencia relacionada con los medios de subsistencia, incluidas la vivienda y las infraestructuras.<\/li>\n\n\n\n<li>Asistencia con el cambio de divisas y las finanzas en varios pa\u00edses.<\/li>\n\n\n\n<li>Compartir informaci\u00f3n sobre la empresa, sistemas y cultura local a trav\u00e9s de una red mundial de miembros del sindicato.<\/li>\n<\/ul>\n\n\n\n<p>Al proporcionar estos apoyos integrales al mismo tiempo,<span class=\"swl-marker mark_yellow\">Proporcionar a los trabajadores el apoyo polifac\u00e9tico que necesitan para llevar una vida mejor<\/span>Es posible.<\/p>\n\n\n\n<h4 class=\"wp-block-heading\">hacia las empresas<\/h4>\n\n\n\n<p>El \"empresario\" es la contrapartida de la posici\u00f3n de los trabajadores, pero vemos al empresario y a la empresa por separado.<br>Hist\u00f3ricamente, el principio de que trabajadores y empresarios colaboren para mejorar la empresa ha estado garantizado por los ordenamientos jur\u00eddicos de muchos pa\u00edses.<\/p>\n\n\n\n<p>Las actividades de GlobalUnion no s\u00f3lo mejoran el bienestar de los trabajadores, sino que tambi\u00e9n ayudan a las empresas a sintonizar adecuadamente con sus trabajadores.<br>En este proceso, tambi\u00e9n se eliminar\u00e1n de forma natural los retos estructurales que nos obligan a depender del empresario.<\/p>\n\n\n\n<ul class=\"wp-block-list is-style-check_list\">\n<li>Derivaci\u00f3n de trabajadores a trav\u00e9s de un emparejamiento adecuado.<\/li>\n\n\n\n<li>Apoyo a la formaci\u00f3n empresarial para mejorar las competencias requeridas en los distintos pa\u00edses<\/li>\n\n\n\n<li>Apoyo a las empresas de propiedad de blancos mediante el suministro de conocimientos t\u00e9cnicos y datos sobre mano de obra.<\/li>\n<\/ul>\n\n\n\n<p>Concretamente a trav\u00e9s de estas iniciativas,<span class=\"swl-marker mark_yellow\">Amplio apoyo empresarial que puede ser directa o indirectamente eficaz para resolver los problemas laborales.<\/span>para hacerlo.<\/p>\n\n\n\n<h4 class=\"wp-block-heading\">en relaci\u00f3n con el mundo<\/h4>\n\n\n\n<p>Los miembros son libres de difundir informaci\u00f3n e informar a la sociedad utilizando todos los canales que GlobalUnion tiene a su disposici\u00f3n.<\/p>\n\n\n\n<p>Hoy en d\u00eda, cada vez es m\u00e1s posible ejercer presi\u00f3n reputacional sobre personas influyentes y empresas gigantes a trav\u00e9s de las redes sociales. En realidad, sin embargo, hay algunos objetivos estructurales que son dif\u00edciles de cambiar por s\u00ed mismos, y otros cuya reputaci\u00f3n es menos probable que se resienta aunque se vea da\u00f1ada en primer lugar.<\/p>\n\n\n\n<p>En tales casos, se adoptan medidas intervencionistas m\u00e1s en\u00e9rgicas, como<\/p>\n\n\n\n<ul class=\"wp-block-list is-style-check_list\">\n<li>Protestas directas contra la empresa u organizaci\u00f3n en cuesti\u00f3n<\/li>\n\n\n\n<li>Objeciones a las autoridades estatales, administrativas y pertinentes<\/li>\n\n\n\n<li>Exigencia de correcci\u00f3n de operaciones contrarias al esp\u00edritu de la ley y del sistema.<\/li>\n<\/ul>\n\n\n\n<p>En particular,<span class=\"swl-marker mark_yellow\">A los individuos les resulta dif\u00edcil tomar partido contra leyes que se han convertido en una formalidad o contra el funcionamiento de sistemas que son claramente perjudiciales para el inter\u00e9s p\u00fablico.<\/span>S\u00ed.<br>Por ello, GlobalUnion como organizaci\u00f3n har\u00e1 un esfuerzo concertado para resolver el problema con el fin de mejorar la salud de la sociedad.<\/p>\n\n\n\n<h2 class=\"wp-block-heading\">Las aspiraciones de Global Union<\/h2>\n\n\n\n<p>Se supone que el trabajo es una actividad en la que las personas conectan con la sociedad y se expresan, no s\u00f3lo para sobrevivir. En realidad, sin embargo, la gente se ve constantemente perjudicada por el trabajo, y sigue siendo dif\u00edcil incluso alzar la voz en muchas partes del mundo.<\/p>\n\n\n\n<p>Fundamos GlobalUnion para preguntarnos por qu\u00e9 \u00e9ste ha sido un problema recurrente durante generaciones, y para llegar a la ra\u00edz del mismo.<\/p>\n\n\n\n<p>Como foro libre para que todo el mundo participe en el inter\u00e9s p\u00fablico, sin estar sujeto a instituciones ni formalidades, estamos construyendo una red en la que las voces individuales puedan llegar al mundo mediante la creaci\u00f3n de un sistema que permita a la gente alzar su voz de forma an\u00f3nima y segura.<\/p>\n\n\n\n<p>Una soluci\u00f3n fundamental al problema laboral es restaurar la dignidad humana. Nos solidarizamos con todos los pa\u00edses y posiciones para hacer realidad una sociedad en la que todas las personas puedan trabajar con orgullo.<\/p>\n\n\n\n<div style=\"height:30px\" aria-hidden=\"true\" class=\"wp-block-spacer\"><\/div>\n\n\n\n<div class=\"swell-block-button is-style-btn_normal\"><a href=\"https:\/\/globalunion-grp.org\/es\/contact\/\" class=\"swell-block-button__link\"><span>Haga clic aqu\u00ed para afiliarse a GlobalUnion.<\/span><\/a><\/div>","protected":false},"excerpt":{"rendered":"<p>El reto de la Uni\u00f3n Global Los problemas laborales figuran entre los retos sociales m\u00e1s arraigados que han persistido desde el nacimiento de la humanidad. Sus or\u00edgenes se remontan a la esclavitud y la servidumbre en la antig\u00fcedad. El trabajo lleva mucho tiempo inmerso en una relaci\u00f3n de dominaci\u00f3n y subordinaci\u00f3n [...].<\/p>","protected":false},"author":1,"featured_media":0,"parent":0,"menu_order":0,"comment_status":"closed","ping_status":"closed","template":"","meta":{"swell_btn_cv_data":"","footnotes":"","_wp_rev_ctl_limit":""},"class_list":["post-298","page","type-page","status-publish","hentry"],"_links":{"self":[{"href":"https:\/\/globalunion-grp.org\/es\/wp-json\/wp\/v2\/pages\/298"}],"collection":[{"href":"https:\/\/globalunion-grp.org\/es\/wp-json\/wp\/v2\/pages"}],"about":[{"href":"https:\/\/globalunion-grp.org\/es\/wp-json\/wp\/v2\/types\/page"}],"author":[{"embeddable":true,"href":"https:\/\/globalunion-grp.org\/es\/wp-json\/wp\/v2\/users\/1"}],"replies":[{"embeddable":true,"href":"https:\/\/globalunion-grp.org\/es\/wp-json\/wp\/v2\/comments?post=298"}],"version-history":[{"count":19,"href":"https:\/\/globalunion-grp.org\/es\/wp-json\/wp\/v2\/pages\/298\/revisions"}],"predecessor-version":[{"id":573,"href":"https:\/\/globalunion-grp.org\/es\/wp-json\/wp\/v2\/pages\/298\/revisions\/573"}],"wp:attachment":[{"href":"https:\/\/globalunion-grp.org\/es\/wp-json\/wp\/v2\/media?parent=298"}],"curies":[{"name":"wp","href":"https:\/\/api.w.org\/{rel}","templated":true}]}}