{"id":17,"date":"2023-08-03T05:10:47","date_gmt":"2023-08-02T20:10:47","guid":{"rendered":"https:\/\/globalunion-grp.org\/?page_id=17"},"modified":"2023-09-14T09:26:56","modified_gmt":"2023-09-14T00:26:56","slug":"subscription-policy","status":"publish","type":"page","link":"https:\/\/globalunion-grp.org\/es\/subscription-policy\/","title":{"rendered":"Pol\u00edtica de suscripci\u00f3n"},"content":{"rendered":"<h2 class=\"wp-block-heading\">Acerca de GlobalUnion<\/h2>\n\n\n\n<p>A diferencia de un contrato de mandato con un abogado generalista (bufete de abogados), nuestro sindicato requiere que usted confirme esta pol\u00edtica de afiliaci\u00f3n e indique su intenci\u00f3n de afiliarse a nuestro sindicato por escrito, por tel\u00e9fono, en persona, mediante formulario web, correo electr\u00f3nico o SNS. Como sindicato (sindicato mixto) con el principio de carga cero para los afiliados, no obligamos a nuestros afiliados a cooperar en las actividades sindicales.<\/p>\n\n\n\n<p>Nuestro sindicato no tiene cuotas sindicales, pero contamos con varios miembros, entre ellos expertos jur\u00eddicos y gestores de empresas, que no s\u00f3lo plantear\u00e1n demandas, sino que tambi\u00e9n presentar\u00e1n soluciones espec\u00edficas utilizando el sistema, de modo que la recuperaci\u00f3n est\u00e9 asegurada y la convergencia pueda lograrse r\u00e1pidamente, as\u00ed que p\u00f3ngase en contacto con nosotros con confianza.<\/p>\n\n\n\n<p>Para resolver el problema, nos pondremos en contacto con usted para realizar una entrevista detallada sobre el entorno laboral y la causa del problema, pero le rogamos que nos diga la verdad sin exagerar, ya que protegeremos su confidencialidad. No se requieren honorarios de anticipo, pero si el problema se resuelve, le pediremos una donaci\u00f3n del importe total de la indemnizaci\u00f3n recuperada.<\/p>\n\n\n\n<h3 class=\"wp-block-heading\">Sobre el grupo al que pertenece<\/h3>\n\n\n\n<p>El sindicato forma el grupo GlobalUnion, y todos los grupos a los que pertenece participan activamente en un nuevo ensayo de \"sin cuotas sindicales\". Adem\u00e1s, con el fin de eliminar la carga que soportan los trabajadores y lograr soluciones r\u00e1pidas, podemos celebrar diversas consultas laborales y patronales, incluida la negociaci\u00f3n colectiva como sindicato, con las empresas en las que trabajan nuestros afiliados, con la colaboraci\u00f3n de los grupos a los que pertenecemos.<\/p>\n\n\n\n<p>Para m\u00e1s informaci\u00f3n sobre las organizaciones afiliadas a GlobalUnion, consulte el sitio web oficial de GlobalUnion. Para m\u00e1s informaci\u00f3n, consulte el sitio web oficial de GlobalUnion.<\/p>\n\n\n\n<p>Adem\u00e1s, est\u00e1 dirigido por expertos jur\u00eddicos cualificados, como abogados, procuradores de la Seguridad Social y del Trabajo y escribanos administrativos, lo que permite un enfoque diferente al de otros sindicatos. Ofrecemos nuevas formas de ser sindicato, incluida la hasta ahora inalcanzable \"cuota sindical gratuita\".<\/p>\n\n\n\n<h3 class=\"wp-block-heading\">C\u00f3mo consultar.<\/h3>\n\n\n\n<p>Por regla general, las consultas se realizan en l\u00ednea o por correo electr\u00f3nico, pero, seg\u00fan las circunstancias, pueden celebrarse consultas presenciales o telef\u00f3nicas. No se enviar\u00e1n por correo actas escritas ni ninguna otra informaci\u00f3n sobre los resultados de las negociaciones colectivas.<\/p>\n\n\n\n<p>Las consultas son gratuitas, pero si el sindicato resuelve un caso de consulta con nuestra participaci\u00f3n y se consigue una cierta cantidad de beneficios o la recuperaci\u00f3n de da\u00f1os y perjuicios, pedimos una donaci\u00f3n (en principio, en torno al 30% del importe de la liquidaci\u00f3n).<\/p>\n\n\n\n<p>Tenga tambi\u00e9n en cuenta que, en caso de recuperaci\u00f3n de un determinado importe de beneficios o da\u00f1os, se utilizar\u00e1 la cuenta bancaria de la Uni\u00f3n como destino de la transferencia para garantizar la recuperaci\u00f3n del pago de la liquidaci\u00f3n y evitar la filtraci\u00f3n de datos personales.<\/p>\n\n\n\n<h3 class=\"wp-block-heading\">Tratamiento de la informaci\u00f3n.<\/h3>\n\n\n\n<p>El Grupo GlobalUnion podr\u00e1 describir el proceso de negociaci\u00f3n y los art\u00edculos en medios de comunicaci\u00f3n como sitios web y redes sociales operados por el Grupo en un formato que no mencione nombres individuales con el fin de resolver la cuesti\u00f3n lo antes posible, y se considerar\u00e1 que el abonado est\u00e1 de acuerdo con ello al afiliarse a la Uni\u00f3n.<\/p>\n\n\n\n<p>En principio, la informaci\u00f3n personal facilitada no se ceder\u00e1 a terceros, pero podr\u00e1 subcontratarse a profesionales asociados, corporaciones, otras empresas u organizaciones en la medida necesaria para lograr la finalidad de uso.<\/p>\n\n\n\n<p>La Uni\u00f3n<a href=\"https:\/\/globalunion-grp.org\/es\/privacy-policy\/\">Pol\u00edtica de privacidad y condiciones de uso<\/a>y si tiene alguna duda, consulte el<a href=\"https:\/\/globalunion-grp.org\/es\/contact\/\">Formulario de contacto.<\/a>P\u00f3ngase en contacto con nosotros a trav\u00e9s de<\/p>","protected":false},"excerpt":{"rendered":"<p>Acerca de GlobalUnion A diferencia de un acuerdo de apoderamiento con un abogado generalista (bufete de abogados), este sindicato responde a las consultas confirmando esta pol\u00edtica de afiliaci\u00f3n por escrito, por tel\u00e9fono, en persona, mediante formulario web, correo electr\u00f3nico, servicio de redes sociales [...].<\/p>","protected":false},"author":1,"featured_media":0,"parent":0,"menu_order":0,"comment_status":"closed","ping_status":"closed","template":"","meta":{"swell_btn_cv_data":"","footnotes":"","_wp_rev_ctl_limit":""},"class_list":["post-17","page","type-page","status-publish","hentry"],"_links":{"self":[{"href":"https:\/\/globalunion-grp.org\/es\/wp-json\/wp\/v2\/pages\/17"}],"collection":[{"href":"https:\/\/globalunion-grp.org\/es\/wp-json\/wp\/v2\/pages"}],"about":[{"href":"https:\/\/globalunion-grp.org\/es\/wp-json\/wp\/v2\/types\/page"}],"author":[{"embeddable":true,"href":"https:\/\/globalunion-grp.org\/es\/wp-json\/wp\/v2\/users\/1"}],"replies":[{"embeddable":true,"href":"https:\/\/globalunion-grp.org\/es\/wp-json\/wp\/v2\/comments?post=17"}],"version-history":[{"count":4,"href":"https:\/\/globalunion-grp.org\/es\/wp-json\/wp\/v2\/pages\/17\/revisions"}],"predecessor-version":[{"id":232,"href":"https:\/\/globalunion-grp.org\/es\/wp-json\/wp\/v2\/pages\/17\/revisions\/232"}],"wp:attachment":[{"href":"https:\/\/globalunion-grp.org\/es\/wp-json\/wp\/v2\/media?parent=17"}],"curies":[{"name":"wp","href":"https:\/\/api.w.org\/{rel}","templated":true}]}}