{"id":54,"date":"2023-08-08T09:04:19","date_gmt":"2023-08-08T00:04:19","guid":{"rendered":"https:\/\/globalunion-grp.org\/?page_id=54"},"modified":"2024-04-29T04:02:20","modified_gmt":"2024-04-28T19:02:20","slug":"partnership","status":"publish","type":"page","link":"https:\/\/globalunion-grp.org\/de\/partnership\/","title":{"rendered":"Partnerschaft"},"content":{"rendered":"<h2 class=\"wp-block-heading\">Ansichten zu Partnerschaften<\/h2>\n\n\n\n<p>GlobalUnion ist flexibel in ihrem Ansatz f\u00fcr Partnerschaften mit Unternehmen, Fachkr\u00e4ften und anderen Gewerkschaften, die unsere Philosophie teilen.<\/p>\n\n\n\n<h3 class=\"wp-block-heading\">Unternehmenspartnerschaften<\/h3>\n\n\n\n<p>Es gibt viele Unternehmen, in denen die Beziehungen zu den Gewerkschaften vernachl\u00e4ssigt oder gar nicht erst in Betracht gezogen werden. Solange die Gewerkschaften jedoch in den Verfassungen vieler L\u00e4nder definiert sind, sind die Beziehungen zwischen den Gewerkschaften und der Unternehmensf\u00fchrung eng miteinander verbunden.<\/p>\n\n\n\n<p>In vielen L\u00e4ndern sind die Gewerkschaften polarisiert, entweder weil sie \u00fcberhaupt nicht funktionieren und zu einem Skelett geworden sind, oder weil sie zu sozial b\u00f6sen schwarzen Gewerkschaften geworden sind, deren einziger Zweck es ist, sterile Konflikte auszutragen, und es gibt nur sehr wenige Gewerkschaften, die gem\u00e4\u00df dem urspr\u00fcnglichen Zweck des Systems arbeiten.<\/p>\n\n\n\n<p>Deshalb setzt sich die GlobalUnion f\u00fcr eine konstruktive und gesunde Entwicklung des Arbeitsumfelds im Geiste gegenseitiger Unterst\u00fctzung ein, auch mit Unternehmen, die oft als gegens\u00e4tzlich angesehen werden, solange sie die gleiche Philosophie teilen.<\/p>\n\n\n\n<h3 class=\"wp-block-heading\">Partnerschaften mit Fachleuten<\/h3>\n\n\n\n<p>GlobalUnion arbeitet t\u00e4glich daran, in Zusammenarbeit mit einer Reihe von Rechtsanw\u00e4lten, Wirtschaftspr\u00fcfern, Steuerberatern, Sozialversicherungs- und Arbeitsberatern, Gerichtsschreibern, Verwaltungsschreibern und anderen Fachleuten eine gesunde Arbeitsumgebung zu schaffen.<\/p>\n\n\n\n<p>Die Zusammenarbeit von Juristen ist bei unserem Streben nach globalen Standards unerl\u00e4sslich.<\/p>\n\n\n\n<p>Wir freuen uns, von Fachleuten zu h\u00f6ren, die unsere Philosophie teilen.<\/p>\n\n\n\n<h3 class=\"wp-block-heading\">Partnerschaft mit den Gewerkschaften<\/h3>\n\n\n\n<p>W\u00e4hrend viele Gewerkschaften zu Skeletten und P\u00f6bel geworden sind, gibt es auch einige echte Gewerkschaften, die an die Arbeitnehmer denken, aber viele von ihnen scheinen nicht in der Lage zu sein, so zu arbeiten, wie sie es sollten, da es ihnen an Know-how und Arbeitskr\u00e4ften fehlt.<\/p>\n\n\n\n<p>Wir streben globale Standards an, wollen aber keineswegs als Union an der Spitze stehen.<\/p>\n\n\n\n<p>Wir begr\u00fc\u00dfen jede Form der Partnerschaft mit Gewerkschaften, die mit unserer Philosophie \u00fcbereinstimmen, denn wir wollen, dass die Arbeitnehmer in aller Welt zufrieden sind und in einem besseren Arbeitsumfeld arbeiten.<\/p>\n\n\n\n<p>Bitte z\u00f6gern Sie nicht, uns nicht nur wegen der GlobalUnion Group zu kontaktieren, sondern auch wegen anderer Formen der gesch\u00e4ftlichen Zusammenarbeit, wie Franchisenehmer, Kooperationen und Gesch\u00e4ftspartnerschaften.<\/p>\n\n\n\n<div style=\"height:30px\" aria-hidden=\"true\" class=\"wp-block-spacer\"><\/div>\n\n\n\n<div class=\"swell-block-button is-style-btn_normal\"><a href=\"\/de\/global.union\/contact\/#contact\" class=\"swell-block-button__link\"><span><span style=\"--the-icon-svg: url(data:image\/svg+xml;base64,PHN2ZyBoZWlnaHQ9IjFlbSIgd2lkdGg9IjFlbSIgeG1sbnM9Imh0dHA6Ly93d3cudzMub3JnLzIwMDAvc3ZnIiBhcmlhLWhpZGRlbj0idHJ1ZSIgdmlld0JveD0iMCAwIDQ4IDQ4Ij48cGF0aCBkPSJNMjUuMiAyNC43IDQ2IDkuNVY5YzAtMS4xLS45LTItMi0ySDRjLTEuMSAwLTIgLjktMiAydi41bDIwLjggMTUuMWMuNy42IDEuNy42IDIuNC4xeiI+PC9wYXRoPjxwYXRoIGQ9Ik0yMi44IDI5LjYgMiAxNC41VjM4YzAgMS43IDEuMyAzIDMgM2gzOGMxLjcgMCAzLTEuMyAzLTNWMTQuNUwyNS4yIDI5LjZjLS43LjUtMS43LjUtMi40IDB6Ij48L3BhdGg+PC9zdmc+)\" data-icon=\"LsMail\" data-id=\"0\" aria-hidden=\"true\" class=\"swl-inline-icon\">\u2003 F\u00fcr Partnerschaftsanfragen klicken Sie bitte hier.<\/span><\/span><\/a><\/div>","protected":false},"excerpt":{"rendered":"<p>Unser Ansatz f\u00fcr Partnerschaften GlobalUnion verfolgt einen flexiblen Ansatz f\u00fcr Partnerschaften mit Unternehmen, Fachkr\u00e4ften und anderen Gewerkschaften, die unsere Philosophie teilen. Partnerschaften mit Unternehmen Beziehungen mit Gewerkschaften [...].<\/p>","protected":false},"author":1,"featured_media":0,"parent":0,"menu_order":0,"comment_status":"closed","ping_status":"closed","template":"","meta":{"swell_btn_cv_data":"","footnotes":"","_wp_rev_ctl_limit":""},"class_list":["post-54","page","type-page","status-publish","hentry"],"_links":{"self":[{"href":"https:\/\/globalunion-grp.org\/de\/wp-json\/wp\/v2\/pages\/54"}],"collection":[{"href":"https:\/\/globalunion-grp.org\/de\/wp-json\/wp\/v2\/pages"}],"about":[{"href":"https:\/\/globalunion-grp.org\/de\/wp-json\/wp\/v2\/types\/page"}],"author":[{"embeddable":true,"href":"https:\/\/globalunion-grp.org\/de\/wp-json\/wp\/v2\/users\/1"}],"replies":[{"embeddable":true,"href":"https:\/\/globalunion-grp.org\/de\/wp-json\/wp\/v2\/comments?post=54"}],"version-history":[{"count":7,"href":"https:\/\/globalunion-grp.org\/de\/wp-json\/wp\/v2\/pages\/54\/revisions"}],"predecessor-version":[{"id":339,"href":"https:\/\/globalunion-grp.org\/de\/wp-json\/wp\/v2\/pages\/54\/revisions\/339"}],"wp:attachment":[{"href":"https:\/\/globalunion-grp.org\/de\/wp-json\/wp\/v2\/media?parent=54"}],"curies":[{"name":"wp","href":"https:\/\/api.w.org\/{rel}","templated":true}]}}