{"id":17,"date":"2023-08-03T05:10:47","date_gmt":"2023-08-02T20:10:47","guid":{"rendered":"https:\/\/globalunion-grp.org\/?page_id=17"},"modified":"2023-09-14T09:26:56","modified_gmt":"2023-09-14T00:26:56","slug":"subscription-policy","status":"publish","type":"page","link":"https:\/\/globalunion-grp.org\/de\/subscription-policy\/","title":{"rendered":"Abonnement-Politik"},"content":{"rendered":"<h2 class=\"wp-block-heading\">\u00dcber GlobalUnion<\/h2>\n\n\n\n<p>Im Gegensatz zu einem Mandatsvertrag mit einem allgemeinen Rechtsanwalt (Anwaltskanzlei) verlangt unsere Gewerkschaft, dass Sie diese Mitgliedschaftspolitik best\u00e4tigen und Ihre Absicht, unserer Gewerkschaft beizutreten, schriftlich, telefonisch, pers\u00f6nlich, per Webformular, E-Mail oder SNS mitteilen. Als Gewerkschaft (parit\u00e4tische Gewerkschaft) mit dem Grundsatz der Null-Belastung der Mitglieder zwingen wir unsere Mitglieder nicht zur Mitarbeit an Gewerkschaftsaktivit\u00e4ten.<\/p>\n\n\n\n<p>Unsere Gewerkschaft ist beitragsfrei, aber wir haben mehrere Mitglieder, darunter Juristen und Betriebswirte, die nicht nur Forderungen stellen, sondern auch konkrete L\u00f6sungen mit Hilfe des Systems vorlegen werden, so dass die R\u00fcckgewinnung gesichert ist und eine rasche Konvergenz erreicht werden kann, also wenden Sie sich bitte vertrauensvoll an uns.<\/p>\n\n\n\n<p>Um das Problem zu l\u00f6sen, werden wir uns mit Ihnen in Verbindung setzen und ein ausf\u00fchrliches Gespr\u00e4ch \u00fcber das Arbeitsumfeld und die Ursache des Problems f\u00fchren, aber bitte sagen Sie uns die Wahrheit, ohne zu \u00fcbertreiben, denn wir werden Ihre Vertraulichkeit sch\u00fctzen. Es wird kein Honorar verlangt, aber wenn das Problem gel\u00f6st wird, bitten wir um eine Spende aus dem Gesamtbetrag der erzielten Entsch\u00e4digung.<\/p>\n\n\n\n<h3 class=\"wp-block-heading\">\u00dcber die Gruppe, der Sie angeh\u00f6ren<\/h3>\n\n\n\n<p>Die Gewerkschaft bildet die GlobalUnion-Gruppe, und alle Gruppen, denen sie angeh\u00f6rt, sind in einem neuen Versuch \"ohne Gewerkschaftsbeitr\u00e4ge\" aktiv. Um die Belastung der Arbeitnehmer zu beseitigen und fr\u00fchzeitige L\u00f6sungen zu finden, k\u00f6nnen wir in Zusammenarbeit mit den Gruppen, denen wir angeh\u00f6ren, mit den Unternehmen, in denen unsere Mitglieder arbeiten, verschiedene Konsultationen zwischen Arbeitgebern und Arbeitnehmern durchf\u00fchren, einschlie\u00dflich Tarifverhandlungen als Gewerkschaft.<\/p>\n\n\n\n<p>Weitere Informationen \u00fcber die der GlobalUnion angeschlossenen Organisationen finden Sie auf der offiziellen Website der GlobalUnion. Weitere Informationen finden Sie auf der offiziellen GlobalUnion-Website.<\/p>\n\n\n\n<p>Au\u00dferdem wird sie von qualifizierten Rechtsexperten wie Rechtsanw\u00e4lten, Sozialversicherungs- und Arbeitsrechtlern und Verwaltungsfachleuten geleitet, was einen anderen Ansatz als bei anderen Gewerkschaften erm\u00f6glicht. Wir bieten neue M\u00f6glichkeiten, eine Gewerkschaft zu sein, einschlie\u00dflich der bisher unerreichten \"freien Gewerkschaftsbeitr\u00e4ge\".<\/p>\n\n\n\n<h3 class=\"wp-block-heading\">Wie man sie konsultiert.<\/h3>\n\n\n\n<p>In der Regel werden die Konsultationen online oder per E-Mail durchgef\u00fchrt, aber je nach den Umst\u00e4nden k\u00f6nnen auch pers\u00f6nliche oder telefonische Konsultationen stattfinden. Schriftliche Protokolle oder andere Informationen \u00fcber die Ergebnisse von Tarifverhandlungen werden nicht per Post verschickt.<\/p>\n\n\n\n<p>Die Beratungen sind kostenlos, aber wenn die Gewerkschaft einen Beratungsfall mit unserer Beteiligung l\u00f6st und einen bestimmten Gewinn oder Schadensersatz erzielt, bitten wir um eine Spende (im Prinzip etwa 30 % des Vergleichsbetrags).<\/p>\n\n\n\n<p>Bitte beachten Sie auch, dass im Falle eines bestimmten Gewinns oder Schadens das Bankkonto der Union als \u00dcberweisungsziel verwendet wird, um die Wiedererlangung der Ausgleichszahlung zu gew\u00e4hrleisten und die Weitergabe personenbezogener Daten zu verhindern.<\/p>\n\n\n\n<h3 class=\"wp-block-heading\">Umgang mit Informationen.<\/h3>\n\n\n\n<p>Die GlobalUnion-Gruppe kann den Verhandlungsprozess und die Artikel in Medien wie Websites und sozialen Netzwerken, die von der Gruppe betrieben werden, in einem Format ver\u00f6ffentlichen, in dem keine individuellen Namen genannt werden, um die Angelegenheit so schnell wie m\u00f6glich zu l\u00f6sen, und es wird davon ausgegangen, dass der Abonnent dem mit seinem Beitritt zur Union zugestimmt hat.<\/p>\n\n\n\n<p>Die von Ihnen zur Verf\u00fcgung gestellten personenbezogenen Daten werden grunds\u00e4tzlich nicht an Dritte weitergegeben, k\u00f6nnen aber an Partner, Unternehmen, andere Firmen oder Organisationen weitergegeben werden, soweit dies zur Erreichung des Verwendungszwecks erforderlich ist.<\/p>\n\n\n\n<p>Die Union<a href=\"https:\/\/globalunion-grp.org\/de\/privacy-policy\/\">Datenschutzrichtlinie und Nutzungsbedingungen<\/a>und wenn Sie Fragen haben, lesen Sie bitte die<a href=\"https:\/\/globalunion-grp.org\/de\/contact\/\">Anfrageformular.<\/a>Bitte kontaktieren Sie uns \u00fcber.<\/p>","protected":false},"excerpt":{"rendered":"<p>\u00dcber GlobalUnion Im Gegensatz zu einem Vollmachtsvertrag mit einem allgemeinen Anwalt (Anwaltskanzlei), antwortet diese Gewerkschaft auf Konsultationen, indem sie diese Mitgliedschaftspolitik schriftlich, telefonisch, pers\u00f6nlich, per Webformular, E-Mail, sozialem Netzwerkdienst usw. best\u00e4tigt, und durch [...]...<\/p>","protected":false},"author":1,"featured_media":0,"parent":0,"menu_order":0,"comment_status":"closed","ping_status":"closed","template":"","meta":{"swell_btn_cv_data":"","footnotes":"","_wp_rev_ctl_limit":""},"class_list":["post-17","page","type-page","status-publish","hentry"],"_links":{"self":[{"href":"https:\/\/globalunion-grp.org\/de\/wp-json\/wp\/v2\/pages\/17"}],"collection":[{"href":"https:\/\/globalunion-grp.org\/de\/wp-json\/wp\/v2\/pages"}],"about":[{"href":"https:\/\/globalunion-grp.org\/de\/wp-json\/wp\/v2\/types\/page"}],"author":[{"embeddable":true,"href":"https:\/\/globalunion-grp.org\/de\/wp-json\/wp\/v2\/users\/1"}],"replies":[{"embeddable":true,"href":"https:\/\/globalunion-grp.org\/de\/wp-json\/wp\/v2\/comments?post=17"}],"version-history":[{"count":4,"href":"https:\/\/globalunion-grp.org\/de\/wp-json\/wp\/v2\/pages\/17\/revisions"}],"predecessor-version":[{"id":232,"href":"https:\/\/globalunion-grp.org\/de\/wp-json\/wp\/v2\/pages\/17\/revisions\/232"}],"wp:attachment":[{"href":"https:\/\/globalunion-grp.org\/de\/wp-json\/wp\/v2\/media?parent=17"}],"curies":[{"name":"wp","href":"https:\/\/api.w.org\/{rel}","templated":true}]}}